{"id":1615,"date":"2025-09-09T14:53:23","date_gmt":"2025-09-09T14:53:23","guid":{"rendered":"https:\/\/siwarmedia.com\/?page_id=1615"},"modified":"2025-09-19T02:59:37","modified_gmt":"2025-09-19T02:59:37","slug":"miscelanea","status":"publish","type":"page","link":"https:\/\/siwarmedia.com\/?page_id=1615","title":{"rendered":"Miscel\u00e1nea"},"content":{"rendered":"\t\t<div data-elementor-type=\"wp-page\" data-elementor-id=\"1615\" class=\"elementor elementor-1615\" data-elementor-post-type=\"page\">\n\t\t\t\t<div class=\"elementor-element elementor-element-3abbc815 e-con-full e-flex e-con e-parent\" data-id=\"3abbc815\" data-element_type=\"container\">\n\t\t<div class=\"elementor-element elementor-element-2d4f82c4 e-flex e-con-boxed e-con e-child\" data-id=\"2d4f82c4\" data-element_type=\"container\">\n\t\t\t\t\t<div class=\"e-con-inner\">\n\t\t\t\t<div class=\"elementor-element elementor-element-2fe010b8 elementor-widget__width-initial elementor-fixed elementor-hidden-phone elementor-widget elementor-widget-spacer\" data-id=\"2fe010b8\" data-element_type=\"widget\" data-settings=\"{&quot;_position&quot;:&quot;fixed&quot;}\" data-widget_type=\"spacer.default\">\n\t\t\t\t\t\t\t<div class=\"elementor-spacer\">\n\t\t\t<div class=\"elementor-spacer-inner\"><\/div>\n\t\t<\/div>\n\t\t\t\t\t\t<\/div>\n\t\t\t\t<div class=\"elementor-element elementor-element-4bcdbb0c elementor-grid-1 elementor-widget__width-initial elementor-fixed elementor-widget-tablet__width-initial elementor-hidden-phone elementor-shape-rounded e-grid-align-center elementor-widget elementor-widget-social-icons\" data-id=\"4bcdbb0c\" data-element_type=\"widget\" data-settings=\"{&quot;_position&quot;:&quot;fixed&quot;}\" data-widget_type=\"social-icons.default\">\n\t\t\t\t\t\t\t<div class=\"elementor-social-icons-wrapper elementor-grid\" role=\"list\">\n\t\t\t\t\t\t\t<span class=\"elementor-grid-item\" role=\"listitem\">\n\t\t\t\t\t<a class=\"elementor-icon elementor-social-icon elementor-social-icon-facebook-f elementor-animation-grow elementor-repeater-item-644adde\" target=\"_blank\">\n\t\t\t\t\t\t<span class=\"elementor-screen-only\">Facebook-f<\/span>\n\t\t\t\t\t\t<svg class=\"e-font-icon-svg e-fab-facebook-f\" viewBox=\"0 0 320 512\" xmlns=\"http:\/\/www.w3.org\/2000\/svg\"><path d=\"M279.14 288l14.22-92.66h-88.91v-60.13c0-25.35 12.42-50.06 52.24-50.06h40.42V6.26S260.43 0 225.36 0c-73.22 0-121.08 44.38-121.08 124.72v70.62H22.89V288h81.39v224h100.17V288z\"><\/path><\/svg>\t\t\t\t\t<\/a>\n\t\t\t\t<\/span>\n\t\t\t\t\t\t\t<span class=\"elementor-grid-item\" role=\"listitem\">\n\t\t\t\t\t<a class=\"elementor-icon elementor-social-icon elementor-social-icon-linkedin-in elementor-animation-grow elementor-repeater-item-67244ad\" target=\"_blank\">\n\t\t\t\t\t\t<span class=\"elementor-screen-only\">Linkedin-in<\/span>\n\t\t\t\t\t\t<svg class=\"e-font-icon-svg e-fab-linkedin-in\" viewBox=\"0 0 448 512\" xmlns=\"http:\/\/www.w3.org\/2000\/svg\"><path d=\"M100.28 448H7.4V148.9h92.88zM53.79 108.1C24.09 108.1 0 83.5 0 53.8a53.79 53.79 0 0 1 107.58 0c0 29.7-24.1 54.3-53.79 54.3zM447.9 448h-92.68V302.4c0-34.7-.7-79.2-48.29-79.2-48.29 0-55.69 37.7-55.69 76.7V448h-92.78V148.9h89.08v40.8h1.3c12.4-23.5 42.69-48.3 87.88-48.3 94 0 111.28 61.9 111.28 142.3V448z\"><\/path><\/svg>\t\t\t\t\t<\/a>\n\t\t\t\t<\/span>\n\t\t\t\t\t\t\t<span class=\"elementor-grid-item\" role=\"listitem\">\n\t\t\t\t\t<a class=\"elementor-icon elementor-social-icon elementor-social-icon-twitter elementor-animation-grow elementor-repeater-item-0a8f117\" target=\"_blank\">\n\t\t\t\t\t\t<span class=\"elementor-screen-only\">Twitter<\/span>\n\t\t\t\t\t\t<svg class=\"e-font-icon-svg e-fab-twitter\" viewBox=\"0 0 512 512\" xmlns=\"http:\/\/www.w3.org\/2000\/svg\"><path d=\"M459.37 151.716c.325 4.548.325 9.097.325 13.645 0 138.72-105.583 298.558-298.558 298.558-59.452 0-114.68-17.219-161.137-47.106 8.447.974 16.568 1.299 25.34 1.299 49.055 0 94.213-16.568 130.274-44.832-46.132-.975-84.792-31.188-98.112-72.772 6.498.974 12.995 1.624 19.818 1.624 9.421 0 18.843-1.3 27.614-3.573-48.081-9.747-84.143-51.98-84.143-102.985v-1.299c13.969 7.797 30.214 12.67 47.431 13.319-28.264-18.843-46.781-51.005-46.781-87.391 0-19.492 5.197-37.36 14.294-52.954 51.655 63.675 129.3 105.258 216.365 109.807-1.624-7.797-2.599-15.918-2.599-24.04 0-57.828 46.782-104.934 104.934-104.934 30.213 0 57.502 12.67 76.67 33.137 23.715-4.548 46.456-13.32 66.599-25.34-7.798 24.366-24.366 44.833-46.132 57.827 21.117-2.273 41.584-8.122 60.426-16.243-14.292 20.791-32.161 39.308-52.628 54.253z\"><\/path><\/svg>\t\t\t\t\t<\/a>\n\t\t\t\t<\/span>\n\t\t\t\t\t\t\t<span class=\"elementor-grid-item\" role=\"listitem\">\n\t\t\t\t\t<a class=\"elementor-icon elementor-social-icon elementor-social-icon-instagram elementor-animation-grow elementor-repeater-item-0afeeec\" target=\"_blank\">\n\t\t\t\t\t\t<span class=\"elementor-screen-only\">Instagram<\/span>\n\t\t\t\t\t\t<svg class=\"e-font-icon-svg e-fab-instagram\" viewBox=\"0 0 448 512\" xmlns=\"http:\/\/www.w3.org\/2000\/svg\"><path d=\"M224.1 141c-63.6 0-114.9 51.3-114.9 114.9s51.3 114.9 114.9 114.9S339 319.5 339 255.9 287.7 141 224.1 141zm0 189.6c-41.1 0-74.7-33.5-74.7-74.7s33.5-74.7 74.7-74.7 74.7 33.5 74.7 74.7-33.6 74.7-74.7 74.7zm146.4-194.3c0 14.9-12 26.8-26.8 26.8-14.9 0-26.8-12-26.8-26.8s12-26.8 26.8-26.8 26.8 12 26.8 26.8zm76.1 27.2c-1.7-35.9-9.9-67.7-36.2-93.9-26.2-26.2-58-34.4-93.9-36.2-37-2.1-147.9-2.1-184.9 0-35.8 1.7-67.6 9.9-93.9 36.1s-34.4 58-36.2 93.9c-2.1 37-2.1 147.9 0 184.9 1.7 35.9 9.9 67.7 36.2 93.9s58 34.4 93.9 36.2c37 2.1 147.9 2.1 184.9 0 35.9-1.7 67.7-9.9 93.9-36.2 26.2-26.2 34.4-58 36.2-93.9 2.1-37 2.1-147.8 0-184.8zM398.8 388c-7.8 19.6-22.9 34.7-42.6 42.6-29.5 11.7-99.5 9-132.1 9s-102.7 2.6-132.1-9c-19.6-7.8-34.7-22.9-42.6-42.6-11.7-29.5-9-99.5-9-132.1s-2.6-102.7 9-132.1c7.8-19.6 22.9-34.7 42.6-42.6 29.5-11.7 99.5-9 132.1-9s102.7-2.6 132.1 9c19.6 7.8 34.7 22.9 42.6 42.6 11.7 29.5 9 99.5 9 132.1s2.7 102.7-9 132.1z\"><\/path><\/svg>\t\t\t\t\t<\/a>\n\t\t\t\t<\/span>\n\t\t\t\t\t<\/div>\n\t\t\t\t\t\t<\/div>\n\t\t\t\t<div class=\"elementor-element elementor-element-307790da elementor-absolute elementor-widget elementor-widget-spacer\" data-id=\"307790da\" data-element_type=\"widget\" data-settings=\"{&quot;_position&quot;:&quot;absolute&quot;}\" data-widget_type=\"spacer.default\">\n\t\t\t\t\t\t\t<div class=\"elementor-spacer\">\n\t\t\t<div class=\"elementor-spacer-inner\"><\/div>\n\t\t<\/div>\n\t\t\t\t\t\t<\/div>\n\t\t\t\t<div class=\"elementor-element elementor-element-30e85a71 elementor-absolute elementor-widget elementor-widget-spacer\" data-id=\"30e85a71\" data-element_type=\"widget\" data-settings=\"{&quot;_position&quot;:&quot;absolute&quot;}\" data-widget_type=\"spacer.default\">\n\t\t\t\t\t\t\t<div class=\"elementor-spacer\">\n\t\t\t<div class=\"elementor-spacer-inner\"><\/div>\n\t\t<\/div>\n\t\t\t\t\t\t<\/div>\n\t\t<div class=\"elementor-element elementor-element-5d584cb5 e-con-full e-flex e-con e-child\" data-id=\"5d584cb5\" data-element_type=\"container\">\n\t\t<div class=\"elementor-element elementor-element-36004c5a e-con-full e-flex e-con e-child\" data-id=\"36004c5a\" data-element_type=\"container\">\n\t\t\t\t<div class=\"elementor-element elementor-element-333a8c6d elementor-widget elementor-widget-heading\" data-id=\"333a8c6d\" data-element_type=\"widget\" data-widget_type=\"heading.default\">\n\t\t\t\t\t<h2 class=\"elementor-heading-title elementor-size-default\">Miscel\u00e1nea: El zumbar del Siwar<\/h2>\t\t\t\t<\/div>\n\t\t\t\t<\/div>\n\t\t\t\t<\/div>\n\t\t\t\t\t<\/div>\n\t\t\t\t<\/div>\n\t\t\t\t<\/div>\n\t\t<div class=\"elementor-element elementor-element-640f1649 e-flex e-con-boxed e-con e-parent\" data-id=\"640f1649\" data-element_type=\"container\">\n\t\t\t\t\t<div class=\"e-con-inner\">\n\t\t<div class=\"elementor-element elementor-element-5ee75950 e-con-full e-flex e-con e-child\" data-id=\"5ee75950\" data-element_type=\"container\">\n\t\t\t\t<div class=\"elementor-element elementor-element-4e07a2e elementor-grid-3 elementor-grid-tablet-2 elementor-grid-mobile-1 elementor-posts--thumbnail-top elementor-widget elementor-widget-posts\" data-id=\"4e07a2e\" data-element_type=\"widget\" data-settings=\"{&quot;classic_columns&quot;:&quot;3&quot;,&quot;classic_columns_tablet&quot;:&quot;2&quot;,&quot;classic_columns_mobile&quot;:&quot;1&quot;,&quot;classic_row_gap&quot;:{&quot;unit&quot;:&quot;px&quot;,&quot;size&quot;:35,&quot;sizes&quot;:[]},&quot;classic_row_gap_tablet&quot;:{&quot;unit&quot;:&quot;px&quot;,&quot;size&quot;:&quot;&quot;,&quot;sizes&quot;:[]},&quot;classic_row_gap_mobile&quot;:{&quot;unit&quot;:&quot;px&quot;,&quot;size&quot;:&quot;&quot;,&quot;sizes&quot;:[]}}\" data-widget_type=\"posts.classic\">\n\t\t\t\t<div class=\"elementor-widget-container\">\n\t\t\t\t\t\t\t<div class=\"elementor-posts-container elementor-posts elementor-posts--skin-classic elementor-grid\">\n\t\t\t\t<article class=\"elementor-post elementor-grid-item post-2447 post type-post status-publish format-standard has-post-thumbnail hentry category-miscelanea tag-antropologia tag-cine tag-cinematografia tag-filosofia tag-temadelmes\">\n\t\t\t\t<a class=\"elementor-post__thumbnail__link\" href=\"https:\/\/siwarmedia.com\/?p=2447\" tabindex=\"-1\" >\n\t\t\t<div class=\"elementor-post__thumbnail\"><img fetchpriority=\"high\" decoding=\"async\" width=\"300\" height=\"222\" src=\"https:\/\/siwarmedia.com\/wp-content\/uploads\/2025\/12\/Sin_aliento-226193751-lal-300x222.jpg\" class=\"attachment-medium size-medium wp-image-2457\" alt=\"\" srcset=\"https:\/\/siwarmedia.com\/wp-content\/uploads\/2025\/12\/Sin_aliento-226193751-lal-300x222.jpg 300w, https:\/\/siwarmedia.com\/wp-content\/uploads\/2025\/12\/Sin_aliento-226193751-lal-1024x756.jpg 1024w, https:\/\/siwarmedia.com\/wp-content\/uploads\/2025\/12\/Sin_aliento-226193751-lal-768x567.jpg 768w, https:\/\/siwarmedia.com\/wp-content\/uploads\/2025\/12\/Sin_aliento-226193751-lal.jpg 1194w\" sizes=\"(max-width: 300px) 100vw, 300px\" \/><\/div>\n\t\t<\/a>\n\t\t\t\t<div class=\"elementor-post__text\">\n\t\t\t\t<h3 class=\"elementor-post__title\">\n\t\t\t<a href=\"https:\/\/siwarmedia.com\/?p=2447\" >\n\t\t\t\t\u201cSIN ALIENTO\u201d DE JEAN LUC GODARD\t\t\t<\/a>\n\t\t<\/h3>\n\t\t\t\t<div class=\"elementor-post__meta-data\">\n\t\t\t\t\t<span class=\"elementor-post-date\">\n\t\t\tdiciembre 25, 2025\t\t<\/span>\n\t\t\t\t<\/div>\n\t\t\t\t<div class=\"elementor-post__excerpt\">\n\t\t\t<p>Rosario Elizabeth Rond\u00f3n D\u00edaz. La pel\u00edcula \u201cSin aliento\u201d de Jean Luc Godard, escudri\u00f1ada desde el cine plural. <\/p>\n\t\t<\/div>\n\t\t\n\t\t<a class=\"elementor-post__read-more\" href=\"https:\/\/siwarmedia.com\/?p=2447\" aria-label=\"Read more about \u201cSIN ALIENTO\u201d DE JEAN LUC GODARD\" tabindex=\"-1\" >\n\t\t\tRead More \u00bb\t\t<\/a>\n\n\t\t\t\t<\/div>\n\t\t\t\t<\/article>\n\t\t\t\t<article class=\"elementor-post elementor-grid-item post-2413 post type-post status-publish format-standard has-post-thumbnail hentry category-miscelanea tag-antropologia tag-cine tag-cinematografia tag-filosofia tag-temadelmes\">\n\t\t\t\t<a class=\"elementor-post__thumbnail__link\" href=\"https:\/\/siwarmedia.com\/?p=2413\" tabindex=\"-1\" >\n\t\t\t<div class=\"elementor-post__thumbnail\"><img decoding=\"async\" width=\"300\" height=\"169\" src=\"https:\/\/siwarmedia.com\/wp-content\/uploads\/2025\/12\/el_acorazado_potemkin_thumbnail_16x9_widescreen_es-300x169.jpg\" class=\"attachment-medium size-medium wp-image-2419\" alt=\"\" srcset=\"https:\/\/siwarmedia.com\/wp-content\/uploads\/2025\/12\/el_acorazado_potemkin_thumbnail_16x9_widescreen_es-300x169.jpg 300w, https:\/\/siwarmedia.com\/wp-content\/uploads\/2025\/12\/el_acorazado_potemkin_thumbnail_16x9_widescreen_es-1024x576.jpg 1024w, https:\/\/siwarmedia.com\/wp-content\/uploads\/2025\/12\/el_acorazado_potemkin_thumbnail_16x9_widescreen_es-768x432.jpg 768w, https:\/\/siwarmedia.com\/wp-content\/uploads\/2025\/12\/el_acorazado_potemkin_thumbnail_16x9_widescreen_es-1536x864.jpg 1536w, https:\/\/siwarmedia.com\/wp-content\/uploads\/2025\/12\/el_acorazado_potemkin_thumbnail_16x9_widescreen_es.jpg 1920w\" sizes=\"(max-width: 300px) 100vw, 300px\" \/><\/div>\n\t\t<\/a>\n\t\t\t\t<div class=\"elementor-post__text\">\n\t\t\t\t<h3 class=\"elementor-post__title\">\n\t\t\t<a href=\"https:\/\/siwarmedia.com\/?p=2413\" >\n\t\t\t\t&#8220;EL ACORAZADO POTEMKIN&#8221; A CIEN A\u00d1OS DE SU ESTRENO\t\t\t<\/a>\n\t\t<\/h3>\n\t\t\t\t<div class=\"elementor-post__meta-data\">\n\t\t\t\t\t<span class=\"elementor-post-date\">\n\t\t\tdiciembre 21, 2025\t\t<\/span>\n\t\t\t\t<\/div>\n\t\t\t\t<div class=\"elementor-post__excerpt\">\n\t\t\t<p>Un homenaje a la pel\u00edcula de Sergei Eisenstein \u201cEl Acorazado Potemkin\u201d, que cumple cien a\u00f1os el 21 de diciembre de 2025. <\/p>\n\t\t<\/div>\n\t\t\n\t\t<a class=\"elementor-post__read-more\" href=\"https:\/\/siwarmedia.com\/?p=2413\" aria-label=\"Read more about &#8220;EL ACORAZADO POTEMKIN&#8221; A CIEN A\u00d1OS DE SU ESTRENO\" tabindex=\"-1\" >\n\t\t\tRead More \u00bb\t\t<\/a>\n\n\t\t\t\t<\/div>\n\t\t\t\t<\/article>\n\t\t\t\t<article class=\"elementor-post elementor-grid-item post-2089 post type-post status-publish format-standard has-post-thumbnail hentry category-miscelanea tag-antropologia tag-filosofia tag-geopolitica tag-internacional tag-politica tag-temadelmes\">\n\t\t\t\t<a class=\"elementor-post__thumbnail__link\" href=\"https:\/\/siwarmedia.com\/?p=2089\" tabindex=\"-1\" >\n\t\t\t<div class=\"elementor-post__thumbnail\"><img decoding=\"async\" width=\"300\" height=\"200\" src=\"https:\/\/siwarmedia.com\/wp-content\/uploads\/2025\/10\/licensed-image-300x200.jpeg\" class=\"attachment-medium size-medium wp-image-2094\" alt=\"\" srcset=\"https:\/\/siwarmedia.com\/wp-content\/uploads\/2025\/10\/licensed-image-300x200.jpeg 300w, https:\/\/siwarmedia.com\/wp-content\/uploads\/2025\/10\/licensed-image-1024x683.jpeg 1024w, https:\/\/siwarmedia.com\/wp-content\/uploads\/2025\/10\/licensed-image-768x512.jpeg 768w, https:\/\/siwarmedia.com\/wp-content\/uploads\/2025\/10\/licensed-image-1536x1024.jpeg 1536w, https:\/\/siwarmedia.com\/wp-content\/uploads\/2025\/10\/licensed-image.jpeg 2048w\" sizes=\"(max-width: 300px) 100vw, 300px\" \/><\/div>\n\t\t<\/a>\n\t\t\t\t<div class=\"elementor-post__text\">\n\t\t\t\t<h3 class=\"elementor-post__title\">\n\t\t\t<a href=\"https:\/\/siwarmedia.com\/?p=2089\" >\n\t\t\t\tNOTAS AL PASO: REFLEXIONES SOBRE BOLIVIA\t\t\t<\/a>\n\t\t<\/h3>\n\t\t\t\t<div class=\"elementor-post__meta-data\">\n\t\t\t\t\t<span class=\"elementor-post-date\">\n\t\t\toctubre 22, 2025\t\t<\/span>\n\t\t\t\t<\/div>\n\t\t\t\t<div class=\"elementor-post__excerpt\">\n\t\t\t<p>Analizar la coyuntura boliviana es clave para comprender no solo las contradicciones internas del pa\u00eds andino, sino tambi\u00e9n el rumbo de las transformaciones globales. Bolivia, en las \u00faltimas d\u00e9cadas, ha sido escenario de profundas disputas pol\u00edticas y sociales que reflejan din\u00e1micas presentes en toda la regi\u00f3n.<\/p>\n\t\t<\/div>\n\t\t\n\t\t<a class=\"elementor-post__read-more\" href=\"https:\/\/siwarmedia.com\/?p=2089\" aria-label=\"Read more about NOTAS AL PASO: REFLEXIONES SOBRE BOLIVIA\" tabindex=\"-1\" >\n\t\t\tRead More \u00bb\t\t<\/a>\n\n\t\t\t\t<\/div>\n\t\t\t\t<\/article>\n\t\t\t\t<article class=\"elementor-post elementor-grid-item post-2062 post type-post status-publish format-standard has-post-thumbnail hentry category-miscelanea tag-antropologia tag-filosofia tag-temadelmes\">\n\t\t\t\t<a class=\"elementor-post__thumbnail__link\" href=\"https:\/\/siwarmedia.com\/?p=2062\" tabindex=\"-1\" >\n\t\t\t<div class=\"elementor-post__thumbnail\"><img loading=\"lazy\" decoding=\"async\" width=\"225\" height=\"300\" src=\"https:\/\/siwarmedia.com\/wp-content\/uploads\/2025\/09\/DSC04575-scaled-e1761170278708.jpg\" class=\"attachment-medium size-medium wp-image-1740\" alt=\"\" \/><\/div>\n\t\t<\/a>\n\t\t\t\t<div class=\"elementor-post__text\">\n\t\t\t\t<h3 class=\"elementor-post__title\">\n\t\t\t<a href=\"https:\/\/siwarmedia.com\/?p=2062\" >\n\t\t\t\tME CAGO EN DIOS\t\t\t<\/a>\n\t\t<\/h3>\n\t\t\t\t<div class=\"elementor-post__meta-data\">\n\t\t\t\t\t<span class=\"elementor-post-date\">\n\t\t\toctubre 20, 2025\t\t<\/span>\n\t\t\t\t<\/div>\n\t\t\t\t<div class=\"elementor-post__excerpt\">\n\t\t\t<p>\u00a0 Nietzsche cuenta que cuando Zarathustra descendi\u00f3 de la monta\u00f1a se encontr\u00f3 con un sabio que ascend\u00eda a la cima en busca de Dios. El<\/p>\n\t\t<\/div>\n\t\t\n\t\t<a class=\"elementor-post__read-more\" href=\"https:\/\/siwarmedia.com\/?p=2062\" aria-label=\"Read more about ME CAGO EN DIOS\" tabindex=\"-1\" >\n\t\t\tRead More \u00bb\t\t<\/a>\n\n\t\t\t\t<\/div>\n\t\t\t\t<\/article>\n\t\t\t\t<article class=\"elementor-post elementor-grid-item post-2045 post type-post status-publish format-standard has-post-thumbnail hentry category-miscelanea tag-antropologia tag-filosofia tag-temadelmes\">\n\t\t\t\t<a class=\"elementor-post__thumbnail__link\" href=\"https:\/\/siwarmedia.com\/?p=2045\" tabindex=\"-1\" >\n\t\t\t<div class=\"elementor-post__thumbnail\"><img loading=\"lazy\" decoding=\"async\" width=\"250\" height=\"300\" src=\"https:\/\/siwarmedia.com\/wp-content\/uploads\/2025\/09\/nino-en-gaza-250x300.jpeg\" class=\"attachment-medium size-medium wp-image-1735\" alt=\"\" srcset=\"https:\/\/siwarmedia.com\/wp-content\/uploads\/2025\/09\/nino-en-gaza-250x300.jpeg 250w, https:\/\/siwarmedia.com\/wp-content\/uploads\/2025\/09\/nino-en-gaza.jpeg 500w\" sizes=\"(max-width: 250px) 100vw, 250px\" \/><\/div>\n\t\t<\/a>\n\t\t\t\t<div class=\"elementor-post__text\">\n\t\t\t\t<h3 class=\"elementor-post__title\">\n\t\t\t<a href=\"https:\/\/siwarmedia.com\/?p=2045\" >\n\t\t\t\tHAMBRE\t\t\t<\/a>\n\t\t<\/h3>\n\t\t\t\t<div class=\"elementor-post__meta-data\">\n\t\t\t\t\t<span class=\"elementor-post-date\">\n\t\t\toctubre 20, 2025\t\t<\/span>\n\t\t\t\t<\/div>\n\t\t\t\t<div class=\"elementor-post__excerpt\">\n\t\t\t<p>Comer, desde hoy y siempre, tendr\u00e1 sabor a tierra, a sangre, a impotencia, a rabia. \u00a0 NO me bastar\u00e1 con escribir estas l\u00edneas, no me<\/p>\n\t\t<\/div>\n\t\t\n\t\t<a class=\"elementor-post__read-more\" href=\"https:\/\/siwarmedia.com\/?p=2045\" aria-label=\"Read more about HAMBRE\" tabindex=\"-1\" >\n\t\t\tRead More \u00bb\t\t<\/a>\n\n\t\t\t\t<\/div>\n\t\t\t\t<\/article>\n\t\t\t\t<article class=\"elementor-post elementor-grid-item post-1966 post type-post status-publish format-standard has-post-thumbnail hentry category-miscelanea tag-antropologia tag-filosofia tag-temadelmes\">\n\t\t\t\t<a class=\"elementor-post__thumbnail__link\" href=\"https:\/\/siwarmedia.com\/?p=1966\" tabindex=\"-1\" >\n\t\t\t<div class=\"elementor-post__thumbnail\"><img loading=\"lazy\" decoding=\"async\" width=\"300\" height=\"113\" src=\"https:\/\/siwarmedia.com\/wp-content\/uploads\/2025\/10\/Captura-de-pantalla-2025-10-13-210005-300x113.png\" class=\"attachment-medium size-medium wp-image-1971\" alt=\"\" srcset=\"https:\/\/siwarmedia.com\/wp-content\/uploads\/2025\/10\/Captura-de-pantalla-2025-10-13-210005-300x113.png 300w, https:\/\/siwarmedia.com\/wp-content\/uploads\/2025\/10\/Captura-de-pantalla-2025-10-13-210005.png 698w\" sizes=\"(max-width: 300px) 100vw, 300px\" \/><\/div>\n\t\t<\/a>\n\t\t\t\t<div class=\"elementor-post__text\">\n\t\t\t\t<h3 class=\"elementor-post__title\">\n\t\t\t<a href=\"https:\/\/siwarmedia.com\/?p=1966\" >\n\t\t\t\tREFLEXI\u00d3N SOBRE &#8220;MASA&#8221; DE C\u00c9SAR VALLEJO\t\t\t<\/a>\n\t\t<\/h3>\n\t\t\t\t<div class=\"elementor-post__meta-data\">\n\t\t\t\t\t<span class=\"elementor-post-date\">\n\t\t\toctubre 14, 2025\t\t<\/span>\n\t\t\t\t<\/div>\n\t\t\t\t<div class=\"elementor-post__excerpt\">\n\t\t\t<p>Un canto a la esperanza y la vida frente a la muerte<\/p>\n\t\t<\/div>\n\t\t\n\t\t<a class=\"elementor-post__read-more\" href=\"https:\/\/siwarmedia.com\/?p=1966\" aria-label=\"Read more about REFLEXI\u00d3N SOBRE &#8220;MASA&#8221; DE C\u00c9SAR VALLEJO\" tabindex=\"-1\" >\n\t\t\tRead More \u00bb\t\t<\/a>\n\n\t\t\t\t<\/div>\n\t\t\t\t<\/article>\n\t\t\t\t<\/div>\n\t\t\n\t\t\t\t\t\t<\/div>\n\t\t\t\t<\/div>\n\t\t\t\t<\/div>\n\t\t\t\t\t<\/div>\n\t\t\t\t<\/div>\n\t\t<div class=\"elementor-element elementor-element-f4aae2e e-flex e-con-boxed e-con e-parent\" data-id=\"f4aae2e\" data-element_type=\"container\">\n\t\t\t\t\t<div class=\"e-con-inner\">\n\t\t\t\t\t<\/div>\n\t\t\t\t<\/div>\n\t\t\t\t<\/div>\n\t\t","protected":false},"excerpt":{"rendered":"<p>Facebook-f Linkedin-in Twitter Instagram Miscel\u00e1nea: El zumbar del Siwar<\/p>\n","protected":false},"author":1,"featured_media":0,"parent":0,"menu_order":1,"comment_status":"closed","ping_status":"closed","template":"","meta":{"footnotes":""},"class_list":["post-1615","page","type-page","status-publish","hentry"],"_links":{"self":[{"href":"https:\/\/siwarmedia.com\/index.php?rest_route=\/wp\/v2\/pages\/1615","targetHints":{"allow":["GET"]}}],"collection":[{"href":"https:\/\/siwarmedia.com\/index.php?rest_route=\/wp\/v2\/pages"}],"about":[{"href":"https:\/\/siwarmedia.com\/index.php?rest_route=\/wp\/v2\/types\/page"}],"author":[{"embeddable":true,"href":"https:\/\/siwarmedia.com\/index.php?rest_route=\/wp\/v2\/users\/1"}],"replies":[{"embeddable":true,"href":"https:\/\/siwarmedia.com\/index.php?rest_route=%2Fwp%2Fv2%2Fcomments&post=1615"}],"version-history":[{"count":19,"href":"https:\/\/siwarmedia.com\/index.php?rest_route=\/wp\/v2\/pages\/1615\/revisions"}],"predecessor-version":[{"id":1767,"href":"https:\/\/siwarmedia.com\/index.php?rest_route=\/wp\/v2\/pages\/1615\/revisions\/1767"}],"wp:attachment":[{"href":"https:\/\/siwarmedia.com\/index.php?rest_route=%2Fwp%2Fv2%2Fmedia&parent=1615"}],"curies":[{"name":"wp","href":"https:\/\/api.w.org\/{rel}","templated":true}]}}