{"id":1572,"date":"2025-09-09T14:11:30","date_gmt":"2025-09-09T14:11:30","guid":{"rendered":"https:\/\/siwarmedia.com\/?page_id=1572"},"modified":"2025-09-09T14:15:47","modified_gmt":"2025-09-09T14:15:47","slug":"samuel-alvarez","status":"publish","type":"page","link":"https:\/\/siwarmedia.com\/?page_id=1572","title":{"rendered":"Samuel \u00c1lvarez"},"content":{"rendered":"\t\t<div data-elementor-type=\"wp-page\" data-elementor-id=\"1572\" class=\"elementor elementor-1572\" data-elementor-post-type=\"page\">\n\t\t\t\t<div class=\"elementor-element elementor-element-3abbc815 e-con-full e-flex e-con e-parent\" data-id=\"3abbc815\" data-element_type=\"container\">\n\t\t<div class=\"elementor-element elementor-element-2d4f82c4 e-flex e-con-boxed e-con e-child\" data-id=\"2d4f82c4\" data-element_type=\"container\">\n\t\t\t\t\t<div class=\"e-con-inner\">\n\t\t\t\t<div class=\"elementor-element elementor-element-2fe010b8 elementor-widget__width-initial elementor-fixed elementor-hidden-phone elementor-widget elementor-widget-spacer\" data-id=\"2fe010b8\" data-element_type=\"widget\" data-settings=\"{&quot;_position&quot;:&quot;fixed&quot;}\" data-widget_type=\"spacer.default\">\n\t\t\t\t\t\t\t<div class=\"elementor-spacer\">\n\t\t\t<div class=\"elementor-spacer-inner\"><\/div>\n\t\t<\/div>\n\t\t\t\t\t\t<\/div>\n\t\t\t\t<div class=\"elementor-element elementor-element-4bcdbb0c elementor-grid-1 elementor-widget__width-initial elementor-fixed elementor-widget-tablet__width-initial elementor-hidden-phone elementor-shape-rounded e-grid-align-center elementor-widget elementor-widget-social-icons\" data-id=\"4bcdbb0c\" data-element_type=\"widget\" data-settings=\"{&quot;_position&quot;:&quot;fixed&quot;}\" data-widget_type=\"social-icons.default\">\n\t\t\t\t\t\t\t<div class=\"elementor-social-icons-wrapper elementor-grid\" role=\"list\">\n\t\t\t\t\t\t\t<span class=\"elementor-grid-item\" role=\"listitem\">\n\t\t\t\t\t<a class=\"elementor-icon elementor-social-icon elementor-social-icon-facebook-f elementor-animation-grow elementor-repeater-item-644adde\" target=\"_blank\">\n\t\t\t\t\t\t<span class=\"elementor-screen-only\">Facebook-f<\/span>\n\t\t\t\t\t\t<svg class=\"e-font-icon-svg e-fab-facebook-f\" viewBox=\"0 0 320 512\" xmlns=\"http:\/\/www.w3.org\/2000\/svg\"><path d=\"M279.14 288l14.22-92.66h-88.91v-60.13c0-25.35 12.42-50.06 52.24-50.06h40.42V6.26S260.43 0 225.36 0c-73.22 0-121.08 44.38-121.08 124.72v70.62H22.89V288h81.39v224h100.17V288z\"><\/path><\/svg>\t\t\t\t\t<\/a>\n\t\t\t\t<\/span>\n\t\t\t\t\t\t\t<span class=\"elementor-grid-item\" role=\"listitem\">\n\t\t\t\t\t<a class=\"elementor-icon elementor-social-icon elementor-social-icon-linkedin-in elementor-animation-grow elementor-repeater-item-67244ad\" target=\"_blank\">\n\t\t\t\t\t\t<span class=\"elementor-screen-only\">Linkedin-in<\/span>\n\t\t\t\t\t\t<svg class=\"e-font-icon-svg e-fab-linkedin-in\" viewBox=\"0 0 448 512\" xmlns=\"http:\/\/www.w3.org\/2000\/svg\"><path d=\"M100.28 448H7.4V148.9h92.88zM53.79 108.1C24.09 108.1 0 83.5 0 53.8a53.79 53.79 0 0 1 107.58 0c0 29.7-24.1 54.3-53.79 54.3zM447.9 448h-92.68V302.4c0-34.7-.7-79.2-48.29-79.2-48.29 0-55.69 37.7-55.69 76.7V448h-92.78V148.9h89.08v40.8h1.3c12.4-23.5 42.69-48.3 87.88-48.3 94 0 111.28 61.9 111.28 142.3V448z\"><\/path><\/svg>\t\t\t\t\t<\/a>\n\t\t\t\t<\/span>\n\t\t\t\t\t\t\t<span class=\"elementor-grid-item\" role=\"listitem\">\n\t\t\t\t\t<a class=\"elementor-icon elementor-social-icon elementor-social-icon-twitter elementor-animation-grow elementor-repeater-item-0a8f117\" target=\"_blank\">\n\t\t\t\t\t\t<span class=\"elementor-screen-only\">Twitter<\/span>\n\t\t\t\t\t\t<svg class=\"e-font-icon-svg e-fab-twitter\" viewBox=\"0 0 512 512\" xmlns=\"http:\/\/www.w3.org\/2000\/svg\"><path d=\"M459.37 151.716c.325 4.548.325 9.097.325 13.645 0 138.72-105.583 298.558-298.558 298.558-59.452 0-114.68-17.219-161.137-47.106 8.447.974 16.568 1.299 25.34 1.299 49.055 0 94.213-16.568 130.274-44.832-46.132-.975-84.792-31.188-98.112-72.772 6.498.974 12.995 1.624 19.818 1.624 9.421 0 18.843-1.3 27.614-3.573-48.081-9.747-84.143-51.98-84.143-102.985v-1.299c13.969 7.797 30.214 12.67 47.431 13.319-28.264-18.843-46.781-51.005-46.781-87.391 0-19.492 5.197-37.36 14.294-52.954 51.655 63.675 129.3 105.258 216.365 109.807-1.624-7.797-2.599-15.918-2.599-24.04 0-57.828 46.782-104.934 104.934-104.934 30.213 0 57.502 12.67 76.67 33.137 23.715-4.548 46.456-13.32 66.599-25.34-7.798 24.366-24.366 44.833-46.132 57.827 21.117-2.273 41.584-8.122 60.426-16.243-14.292 20.791-32.161 39.308-52.628 54.253z\"><\/path><\/svg>\t\t\t\t\t<\/a>\n\t\t\t\t<\/span>\n\t\t\t\t\t\t\t<span class=\"elementor-grid-item\" role=\"listitem\">\n\t\t\t\t\t<a class=\"elementor-icon elementor-social-icon elementor-social-icon-instagram elementor-animation-grow elementor-repeater-item-0afeeec\" target=\"_blank\">\n\t\t\t\t\t\t<span class=\"elementor-screen-only\">Instagram<\/span>\n\t\t\t\t\t\t<svg class=\"e-font-icon-svg e-fab-instagram\" viewBox=\"0 0 448 512\" xmlns=\"http:\/\/www.w3.org\/2000\/svg\"><path d=\"M224.1 141c-63.6 0-114.9 51.3-114.9 114.9s51.3 114.9 114.9 114.9S339 319.5 339 255.9 287.7 141 224.1 141zm0 189.6c-41.1 0-74.7-33.5-74.7-74.7s33.5-74.7 74.7-74.7 74.7 33.5 74.7 74.7-33.6 74.7-74.7 74.7zm146.4-194.3c0 14.9-12 26.8-26.8 26.8-14.9 0-26.8-12-26.8-26.8s12-26.8 26.8-26.8 26.8 12 26.8 26.8zm76.1 27.2c-1.7-35.9-9.9-67.7-36.2-93.9-26.2-26.2-58-34.4-93.9-36.2-37-2.1-147.9-2.1-184.9 0-35.8 1.7-67.6 9.9-93.9 36.1s-34.4 58-36.2 93.9c-2.1 37-2.1 147.9 0 184.9 1.7 35.9 9.9 67.7 36.2 93.9s58 34.4 93.9 36.2c37 2.1 147.9 2.1 184.9 0 35.9-1.7 67.7-9.9 93.9-36.2 26.2-26.2 34.4-58 36.2-93.9 2.1-37 2.1-147.8 0-184.8zM398.8 388c-7.8 19.6-22.9 34.7-42.6 42.6-29.5 11.7-99.5 9-132.1 9s-102.7 2.6-132.1-9c-19.6-7.8-34.7-22.9-42.6-42.6-11.7-29.5-9-99.5-9-132.1s-2.6-102.7 9-132.1c7.8-19.6 22.9-34.7 42.6-42.6 29.5-11.7 99.5-9 132.1-9s102.7-2.6 132.1 9c19.6 7.8 34.7 22.9 42.6 42.6 11.7 29.5 9 99.5 9 132.1s2.7 102.7-9 132.1z\"><\/path><\/svg>\t\t\t\t\t<\/a>\n\t\t\t\t<\/span>\n\t\t\t\t\t<\/div>\n\t\t\t\t\t\t<\/div>\n\t\t\t\t<div class=\"elementor-element elementor-element-307790da elementor-absolute elementor-widget elementor-widget-spacer\" data-id=\"307790da\" data-element_type=\"widget\" data-settings=\"{&quot;_position&quot;:&quot;absolute&quot;}\" data-widget_type=\"spacer.default\">\n\t\t\t\t\t\t\t<div class=\"elementor-spacer\">\n\t\t\t<div class=\"elementor-spacer-inner\"><\/div>\n\t\t<\/div>\n\t\t\t\t\t\t<\/div>\n\t\t\t\t<div class=\"elementor-element elementor-element-30e85a71 elementor-absolute elementor-widget elementor-widget-spacer\" data-id=\"30e85a71\" data-element_type=\"widget\" data-settings=\"{&quot;_position&quot;:&quot;absolute&quot;}\" data-widget_type=\"spacer.default\">\n\t\t\t\t\t\t\t<div class=\"elementor-spacer\">\n\t\t\t<div class=\"elementor-spacer-inner\"><\/div>\n\t\t<\/div>\n\t\t\t\t\t\t<\/div>\n\t\t<div class=\"elementor-element elementor-element-5d584cb5 e-con-full e-flex e-con e-child\" data-id=\"5d584cb5\" data-element_type=\"container\">\n\t\t<div class=\"elementor-element elementor-element-36004c5a e-con-full e-flex e-con e-child\" data-id=\"36004c5a\" data-element_type=\"container\">\n\t\t\t\t<div class=\"elementor-element elementor-element-333a8c6d elementor-widget elementor-widget-heading\" data-id=\"333a8c6d\" data-element_type=\"widget\" data-widget_type=\"heading.default\">\n\t\t\t\t\t<h2 class=\"elementor-heading-title elementor-size-default\">Samuel \u00c1lvarez<\/h2>\t\t\t\t<\/div>\n\t\t\t\t<\/div>\n\t\t\t\t<\/div>\n\t\t\t\t\t<\/div>\n\t\t\t\t<\/div>\n\t\t\t\t<\/div>\n\t\t<div class=\"elementor-element elementor-element-640f1649 e-flex e-con-boxed e-con e-parent\" data-id=\"640f1649\" data-element_type=\"container\">\n\t\t\t\t\t<div class=\"e-con-inner\">\n\t\t<div class=\"elementor-element elementor-element-5ee75950 e-con-full e-flex e-con e-child\" data-id=\"5ee75950\" data-element_type=\"container\">\n\t\t\t\t<div class=\"elementor-element elementor-element-38908e9 elementor-grid-3 elementor-grid-tablet-2 elementor-grid-mobile-1 elementor-posts--thumbnail-top elementor-widget elementor-widget-posts\" data-id=\"38908e9\" data-element_type=\"widget\" data-settings=\"{&quot;classic_columns&quot;:&quot;3&quot;,&quot;classic_columns_tablet&quot;:&quot;2&quot;,&quot;classic_columns_mobile&quot;:&quot;1&quot;,&quot;classic_row_gap&quot;:{&quot;unit&quot;:&quot;px&quot;,&quot;size&quot;:35,&quot;sizes&quot;:[]},&quot;classic_row_gap_tablet&quot;:{&quot;unit&quot;:&quot;px&quot;,&quot;size&quot;:&quot;&quot;,&quot;sizes&quot;:[]},&quot;classic_row_gap_mobile&quot;:{&quot;unit&quot;:&quot;px&quot;,&quot;size&quot;:&quot;&quot;,&quot;sizes&quot;:[]}}\" data-widget_type=\"posts.classic\">\n\t\t\t\t<div class=\"elementor-widget-container\">\n\t\t\t\t\t\t\t<div class=\"elementor-posts-container elementor-posts elementor-posts--skin-classic elementor-grid\">\n\t\t\t\t<article class=\"elementor-post elementor-grid-item post-3057 post type-post status-publish format-standard has-post-thumbnail hentry category-marzo\">\n\t\t\t\t<a class=\"elementor-post__thumbnail__link\" href=\"https:\/\/siwarmedia.com\/?p=3057\" tabindex=\"-1\" >\n\t\t\t<div class=\"elementor-post__thumbnail\"><img fetchpriority=\"high\" decoding=\"async\" width=\"300\" height=\"169\" src=\"https:\/\/siwarmedia.com\/wp-content\/uploads\/2026\/03\/b3dd409f-e4ba-4bf0-85d2-9e055d1ec49b_16-9-discover-aspect-ratio_default_0-300x169.webp\" class=\"attachment-medium size-medium wp-image-3056\" alt=\"\" srcset=\"https:\/\/siwarmedia.com\/wp-content\/uploads\/2026\/03\/b3dd409f-e4ba-4bf0-85d2-9e055d1ec49b_16-9-discover-aspect-ratio_default_0-300x169.webp 300w, https:\/\/siwarmedia.com\/wp-content\/uploads\/2026\/03\/b3dd409f-e4ba-4bf0-85d2-9e055d1ec49b_16-9-discover-aspect-ratio_default_0-1024x576.webp 1024w, https:\/\/siwarmedia.com\/wp-content\/uploads\/2026\/03\/b3dd409f-e4ba-4bf0-85d2-9e055d1ec49b_16-9-discover-aspect-ratio_default_0-768x432.webp 768w, https:\/\/siwarmedia.com\/wp-content\/uploads\/2026\/03\/b3dd409f-e4ba-4bf0-85d2-9e055d1ec49b_16-9-discover-aspect-ratio_default_0.webp 1200w\" sizes=\"(max-width: 300px) 100vw, 300px\" \/><\/div>\n\t\t<\/a>\n\t\t\t\t<div class=\"elementor-post__text\">\n\t\t\t\t<h3 class=\"elementor-post__title\">\n\t\t\t<a href=\"https:\/\/siwarmedia.com\/?p=3057\" >\n\t\t\t\tEL CAZADOR DE BRUJAS\t\t\t<\/a>\n\t\t<\/h3>\n\t\t\t\t<div class=\"elementor-post__meta-data\">\n\t\t\t\t\t<span class=\"elementor-post-author\">\n\t\t\tSamuel \u00c1lvarez Roque\t\t<\/span>\n\t\t\t\t<span class=\"elementor-post-date\">\n\t\t\tmarzo 12, 2026\t\t<\/span>\n\t\t\t\t<\/div>\n\t\t\t\t<div class=\"elementor-post__excerpt\">\n\t\t\t<p>Estar\u00edamos tentados a pensar que esta conducta en el siglo xxi ya fue superada, pero no, siempre andamos buscando culpables.<\/p>\n\t\t<\/div>\n\t\t\n\t\t<a class=\"elementor-post__read-more\" href=\"https:\/\/siwarmedia.com\/?p=3057\" aria-label=\"Read more about EL CAZADOR DE BRUJAS\" tabindex=\"-1\" >\n\t\t\tRead More \u00bb\t\t<\/a>\n\n\t\t\t\t<\/div>\n\t\t\t\t<\/article>\n\t\t\t\t<article class=\"elementor-post elementor-grid-item post-2823 post type-post status-publish format-standard has-post-thumbnail hentry category-febrero\">\n\t\t\t\t<a class=\"elementor-post__thumbnail__link\" href=\"https:\/\/siwarmedia.com\/?p=2823\" tabindex=\"-1\" >\n\t\t\t<div class=\"elementor-post__thumbnail\"><img decoding=\"async\" width=\"300\" height=\"169\" src=\"https:\/\/siwarmedia.com\/wp-content\/uploads\/2026\/02\/arton81329-300x169.webp\" class=\"attachment-medium size-medium wp-image-2828\" alt=\"autor\" srcset=\"https:\/\/siwarmedia.com\/wp-content\/uploads\/2026\/02\/arton81329-300x169.webp 300w, https:\/\/siwarmedia.com\/wp-content\/uploads\/2026\/02\/arton81329-768x432.webp 768w, https:\/\/siwarmedia.com\/wp-content\/uploads\/2026\/02\/arton81329.webp 800w\" sizes=\"(max-width: 300px) 100vw, 300px\" \/><\/div>\n\t\t<\/a>\n\t\t\t\t<div class=\"elementor-post__text\">\n\t\t\t\t<h3 class=\"elementor-post__title\">\n\t\t\t<a href=\"https:\/\/siwarmedia.com\/?p=2823\" >\n\t\t\t\tCUANTO VALE LA VERDAD\t\t\t<\/a>\n\t\t<\/h3>\n\t\t\t\t<div class=\"elementor-post__meta-data\">\n\t\t\t\t\t<span class=\"elementor-post-author\">\n\t\t\tSamuel \u00c1lvarez Roque\t\t<\/span>\n\t\t\t\t<span class=\"elementor-post-date\">\n\t\t\tfebrero 22, 2026\t\t<\/span>\n\t\t\t\t<\/div>\n\t\t\t\t<div class=\"elementor-post__excerpt\">\n\t\t\t<p>El amor, el sexo, una dupla muy atractiva, de la que nadie puede zafarse. No importa si te va bien o mal lo cierto es que volver\u00e1s a reincidir. Solo encontrar\u00e1s paz cuando la naturaleza lo quiera, antes no  hay ilusi\u00f3n que valga.<\/p>\n\t\t<\/div>\n\t\t\n\t\t<a class=\"elementor-post__read-more\" href=\"https:\/\/siwarmedia.com\/?p=2823\" aria-label=\"Read more about CUANTO VALE LA VERDAD\" tabindex=\"-1\" >\n\t\t\tRead More \u00bb\t\t<\/a>\n\n\t\t\t\t<\/div>\n\t\t\t\t<\/article>\n\t\t\t\t<article class=\"elementor-post elementor-grid-item post-2653 post type-post status-publish format-standard has-post-thumbnail hentry category-enero tag-antropologia tag-el-tiempo tag-filosofia tag-temadelmes\">\n\t\t\t\t<a class=\"elementor-post__thumbnail__link\" href=\"https:\/\/siwarmedia.com\/?p=2653\" tabindex=\"-1\" >\n\t\t\t<div class=\"elementor-post__thumbnail\"><img decoding=\"async\" width=\"300\" height=\"158\" src=\"https:\/\/siwarmedia.com\/wp-content\/uploads\/2026\/01\/el-bosco-y-el-jardin-de-las-delicias-historia-y-analisis-og-300x158.webp\" class=\"attachment-medium size-medium wp-image-2503\" alt=\"\" srcset=\"https:\/\/siwarmedia.com\/wp-content\/uploads\/2026\/01\/el-bosco-y-el-jardin-de-las-delicias-historia-y-analisis-og-300x158.webp 300w, https:\/\/siwarmedia.com\/wp-content\/uploads\/2026\/01\/el-bosco-y-el-jardin-de-las-delicias-historia-y-analisis-og-1024x538.webp 1024w, https:\/\/siwarmedia.com\/wp-content\/uploads\/2026\/01\/el-bosco-y-el-jardin-de-las-delicias-historia-y-analisis-og-768x403.webp 768w, https:\/\/siwarmedia.com\/wp-content\/uploads\/2026\/01\/el-bosco-y-el-jardin-de-las-delicias-historia-y-analisis-og.webp 1200w\" sizes=\"(max-width: 300px) 100vw, 300px\" \/><\/div>\n\t\t<\/a>\n\t\t\t\t<div class=\"elementor-post__text\">\n\t\t\t\t<h3 class=\"elementor-post__title\">\n\t\t\t<a href=\"https:\/\/siwarmedia.com\/?p=2653\" >\n\t\t\t\tVIVIR ENTRE FANTASMAS\t\t\t<\/a>\n\t\t<\/h3>\n\t\t\t\t<div class=\"elementor-post__meta-data\">\n\t\t\t\t\t<span class=\"elementor-post-author\">\n\t\t\tSamuel \u00c1lvarez Roque\t\t<\/span>\n\t\t\t\t<span class=\"elementor-post-date\">\n\t\t\tenero 18, 2026\t\t<\/span>\n\t\t\t\t<\/div>\n\t\t\t\t<div class=\"elementor-post__excerpt\">\n\t\t\t<p>En el tiempo de los libros no hay lugar para la tranquilidad. El lector no acepta gente normal, demanda el mismo infierno. Los personajes llanos no forman parte de sus curiosidades.<\/p>\n\t\t<\/div>\n\t\t\n\t\t<a class=\"elementor-post__read-more\" href=\"https:\/\/siwarmedia.com\/?p=2653\" aria-label=\"Read more about VIVIR ENTRE FANTASMAS\" tabindex=\"-1\" >\n\t\t\tRead More \u00bb\t\t<\/a>\n\n\t\t\t\t<\/div>\n\t\t\t\t<\/article>\n\t\t\t\t<article class=\"elementor-post elementor-grid-item post-2373 post type-post status-publish format-standard has-post-thumbnail hentry category-diciembre tag-antropologia tag-filosofia tag-la-libertad tag-temadelmes\">\n\t\t\t\t<a class=\"elementor-post__thumbnail__link\" href=\"https:\/\/siwarmedia.com\/?p=2373\" tabindex=\"-1\" >\n\t\t\t<div class=\"elementor-post__thumbnail\"><img loading=\"lazy\" decoding=\"async\" width=\"300\" height=\"169\" src=\"https:\/\/siwarmedia.com\/wp-content\/uploads\/2025\/12\/Chavela-Vargas-1-300x169.webp\" class=\"attachment-medium size-medium wp-image-2387\" alt=\"\" srcset=\"https:\/\/siwarmedia.com\/wp-content\/uploads\/2025\/12\/Chavela-Vargas-1-300x169.webp 300w, https:\/\/siwarmedia.com\/wp-content\/uploads\/2025\/12\/Chavela-Vargas-1-1024x576.webp 1024w, https:\/\/siwarmedia.com\/wp-content\/uploads\/2025\/12\/Chavela-Vargas-1-768x432.webp 768w, https:\/\/siwarmedia.com\/wp-content\/uploads\/2025\/12\/Chavela-Vargas-1.webp 1068w\" sizes=\"(max-width: 300px) 100vw, 300px\" \/><\/div>\n\t\t<\/a>\n\t\t\t\t<div class=\"elementor-post__text\">\n\t\t\t\t<h3 class=\"elementor-post__title\">\n\t\t\t<a href=\"https:\/\/siwarmedia.com\/?p=2373\" >\n\t\t\t\tLA CARGA DE LA RAZ\u00d3N\t\t\t<\/a>\n\t\t<\/h3>\n\t\t\t\t<div class=\"elementor-post__meta-data\">\n\t\t\t\t\t<span class=\"elementor-post-author\">\n\t\t\tSamuel \u00c1lvarez Roque\t\t<\/span>\n\t\t\t\t<span class=\"elementor-post-date\">\n\t\t\tdiciembre 16, 2025\t\t<\/span>\n\t\t\t\t<\/div>\n\t\t\t\t<div class=\"elementor-post__excerpt\">\n\t\t\t<p>La libertad puede ser muy atractiva pero luego que muerdes el anzuelo no se cuantos estar\u00e1n dispuestos a cargar con las responsabilidades que demanda. El acto m\u00e1s voluntario que ha inventado el hombre y no es extra\u00f1o  que muchas veces lo demande con violencia.<\/p>\n\t\t<\/div>\n\t\t\n\t\t<a class=\"elementor-post__read-more\" href=\"https:\/\/siwarmedia.com\/?p=2373\" aria-label=\"Read more about LA CARGA DE LA RAZ\u00d3N\" tabindex=\"-1\" >\n\t\t\tRead More \u00bb\t\t<\/a>\n\n\t\t\t\t<\/div>\n\t\t\t\t<\/article>\n\t\t\t\t<article class=\"elementor-post elementor-grid-item post-2234 post type-post status-publish format-standard has-post-thumbnail hentry category-noviembre tag-antropologia tag-filosofia tag-la-felicidad tag-temadelmes\">\n\t\t\t\t<a class=\"elementor-post__thumbnail__link\" href=\"https:\/\/siwarmedia.com\/?p=2234\" tabindex=\"-1\" >\n\t\t\t<div class=\"elementor-post__thumbnail\"><img loading=\"lazy\" decoding=\"async\" width=\"253\" height=\"300\" src=\"https:\/\/siwarmedia.com\/wp-content\/uploads\/2025\/11\/Imagen-de-WhatsApp-2025-11-16-a-las-20.02.23_677cd0c8-253x300.jpg\" class=\"attachment-medium size-medium wp-image-2222\" alt=\"\" srcset=\"https:\/\/siwarmedia.com\/wp-content\/uploads\/2025\/11\/Imagen-de-WhatsApp-2025-11-16-a-las-20.02.23_677cd0c8-253x300.jpg 253w, https:\/\/siwarmedia.com\/wp-content\/uploads\/2025\/11\/Imagen-de-WhatsApp-2025-11-16-a-las-20.02.23_677cd0c8.jpg 768w\" sizes=\"(max-width: 253px) 100vw, 253px\" \/><\/div>\n\t\t<\/a>\n\t\t\t\t<div class=\"elementor-post__text\">\n\t\t\t\t<h3 class=\"elementor-post__title\">\n\t\t\t<a href=\"https:\/\/siwarmedia.com\/?p=2234\" >\n\t\t\t\tCENIZAS EN EL AIRE\t\t\t<\/a>\n\t\t<\/h3>\n\t\t\t\t<div class=\"elementor-post__meta-data\">\n\t\t\t\t\t<span class=\"elementor-post-author\">\n\t\t\tSamuel \u00c1lvarez Roque\t\t<\/span>\n\t\t\t\t<span class=\"elementor-post-date\">\n\t\t\tnoviembre 17, 2025\t\t<\/span>\n\t\t\t\t<\/div>\n\t\t\t\t<div class=\"elementor-post__excerpt\">\n\t\t\t<p>La felicidad como todo acto cultural demanda aprendizaje, pasi\u00f3n, conocimiento, voluntad, etc. Refinar los sentidos como cuando escuchamos caer gotas de lluvia ayuda a percibir a nuestro coraz\u00f3n el intento de haber querido ser feliz\u00a0una\u00a0vez\u00a0m\u00e1s.<\/p>\n\t\t<\/div>\n\t\t\n\t\t<a class=\"elementor-post__read-more\" href=\"https:\/\/siwarmedia.com\/?p=2234\" aria-label=\"Read more about CENIZAS EN EL AIRE\" tabindex=\"-1\" >\n\t\t\tRead More \u00bb\t\t<\/a>\n\n\t\t\t\t<\/div>\n\t\t\t\t<\/article>\n\t\t\t\t<article class=\"elementor-post elementor-grid-item post-2020 post type-post status-publish format-standard has-post-thumbnail hentry category-octubre tag-antropologia tag-filosofia tag-guerra tag-temadelmes\">\n\t\t\t\t<a class=\"elementor-post__thumbnail__link\" href=\"https:\/\/siwarmedia.com\/?p=2020\" tabindex=\"-1\" >\n\t\t\t<div class=\"elementor-post__thumbnail\"><img loading=\"lazy\" decoding=\"async\" width=\"300\" height=\"236\" src=\"https:\/\/siwarmedia.com\/wp-content\/uploads\/2025\/10\/espana-welcome-to-espain1261782001_910215_0000000000_album_normal-300x236.webp\" class=\"attachment-medium size-medium wp-image-2029\" alt=\"\" srcset=\"https:\/\/siwarmedia.com\/wp-content\/uploads\/2025\/10\/espana-welcome-to-espain1261782001_910215_0000000000_album_normal-300x236.webp 300w, https:\/\/siwarmedia.com\/wp-content\/uploads\/2025\/10\/espana-welcome-to-espain1261782001_910215_0000000000_album_normal.webp 768w\" sizes=\"(max-width: 300px) 100vw, 300px\" \/><\/div>\n\t\t<\/a>\n\t\t\t\t<div class=\"elementor-post__text\">\n\t\t\t\t<h3 class=\"elementor-post__title\">\n\t\t\t<a href=\"https:\/\/siwarmedia.com\/?p=2020\" >\n\t\t\t\t\u00a0 Dos aventureros, una promesa y una libranza pollinesca.\t\t\t<\/a>\n\t\t<\/h3>\n\t\t\t\t<div class=\"elementor-post__meta-data\">\n\t\t\t\t\t<span class=\"elementor-post-author\">\n\t\t\tSamuel \u00c1lvarez Roque\t\t<\/span>\n\t\t\t\t<span class=\"elementor-post-date\">\n\t\t\toctubre 20, 2025\t\t<\/span>\n\t\t\t\t<\/div>\n\t\t\t\t<div class=\"elementor-post__excerpt\">\n\t\t\t<p>El poder en la ficci\u00f3n ha sido tan recurrente como en la vida real. En \u00e9ste art\u00edculo va un rendido homenaje al genio de Cervantes y a la pareja inolvidable del Escudero y Don Quijote.<\/p>\n\t\t<\/div>\n\t\t\n\t\t<a class=\"elementor-post__read-more\" href=\"https:\/\/siwarmedia.com\/?p=2020\" aria-label=\"Read more about \u00a0 Dos aventureros, una promesa y una libranza pollinesca.\" tabindex=\"-1\" >\n\t\t\tRead More \u00bb\t\t<\/a>\n\n\t\t\t\t<\/div>\n\t\t\t\t<\/article>\n\t\t\t\t<\/div>\n\t\t\n\t\t\t\t\t\t<\/div>\n\t\t\t\t<\/div>\n\t\t\t\t<\/div>\n\t\t\t\t\t<\/div>\n\t\t\t\t<\/div>\n\t\t\t\t<\/div>\n\t\t","protected":false},"excerpt":{"rendered":"<p>Facebook-f Linkedin-in Twitter Instagram Samuel \u00c1lvarez<\/p>\n","protected":false},"author":1,"featured_media":0,"parent":0,"menu_order":3,"comment_status":"closed","ping_status":"closed","template":"","meta":{"footnotes":""},"class_list":["post-1572","page","type-page","status-publish","hentry"],"_links":{"self":[{"href":"https:\/\/siwarmedia.com\/index.php?rest_route=\/wp\/v2\/pages\/1572","targetHints":{"allow":["GET"]}}],"collection":[{"href":"https:\/\/siwarmedia.com\/index.php?rest_route=\/wp\/v2\/pages"}],"about":[{"href":"https:\/\/siwarmedia.com\/index.php?rest_route=\/wp\/v2\/types\/page"}],"author":[{"embeddable":true,"href":"https:\/\/siwarmedia.com\/index.php?rest_route=\/wp\/v2\/users\/1"}],"replies":[{"embeddable":true,"href":"https:\/\/siwarmedia.com\/index.php?rest_route=%2Fwp%2Fv2%2Fcomments&post=1572"}],"version-history":[{"count":7,"href":"https:\/\/siwarmedia.com\/index.php?rest_route=\/wp\/v2\/pages\/1572\/revisions"}],"predecessor-version":[{"id":1586,"href":"https:\/\/siwarmedia.com\/index.php?rest_route=\/wp\/v2\/pages\/1572\/revisions\/1586"}],"wp:attachment":[{"href":"https:\/\/siwarmedia.com\/index.php?rest_route=%2Fwp%2Fv2%2Fmedia&parent=1572"}],"curies":[{"name":"wp","href":"https:\/\/api.w.org\/{rel}","templated":true}]}}