{"id":1571,"date":"2025-09-09T14:11:55","date_gmt":"2025-09-09T14:11:55","guid":{"rendered":"https:\/\/siwarmedia.com\/?page_id=1571"},"modified":"2025-09-09T14:16:31","modified_gmt":"2025-09-09T14:16:31","slug":"hector-juarez-camargo","status":"publish","type":"page","link":"https:\/\/siwarmedia.com\/?page_id=1571","title":{"rendered":"H\u00e9ctor Ju\u00e1rez Camargo"},"content":{"rendered":"\t\t<div data-elementor-type=\"wp-page\" data-elementor-id=\"1571\" class=\"elementor elementor-1571\" data-elementor-post-type=\"page\">\n\t\t\t\t<div class=\"elementor-element elementor-element-3abbc815 e-con-full e-flex e-con e-parent\" data-id=\"3abbc815\" data-element_type=\"container\">\n\t\t<div class=\"elementor-element elementor-element-2d4f82c4 e-flex e-con-boxed e-con e-child\" data-id=\"2d4f82c4\" data-element_type=\"container\">\n\t\t\t\t\t<div class=\"e-con-inner\">\n\t\t\t\t<div class=\"elementor-element elementor-element-2fe010b8 elementor-widget__width-initial elementor-fixed elementor-hidden-phone elementor-widget elementor-widget-spacer\" data-id=\"2fe010b8\" data-element_type=\"widget\" data-settings=\"{&quot;_position&quot;:&quot;fixed&quot;}\" data-widget_type=\"spacer.default\">\n\t\t\t\t\t\t\t<div class=\"elementor-spacer\">\n\t\t\t<div class=\"elementor-spacer-inner\"><\/div>\n\t\t<\/div>\n\t\t\t\t\t\t<\/div>\n\t\t\t\t<div class=\"elementor-element elementor-element-4bcdbb0c elementor-grid-1 elementor-widget__width-initial elementor-fixed elementor-widget-tablet__width-initial elementor-hidden-phone elementor-shape-rounded e-grid-align-center elementor-widget elementor-widget-social-icons\" data-id=\"4bcdbb0c\" data-element_type=\"widget\" data-settings=\"{&quot;_position&quot;:&quot;fixed&quot;}\" data-widget_type=\"social-icons.default\">\n\t\t\t\t\t\t\t<div class=\"elementor-social-icons-wrapper elementor-grid\" role=\"list\">\n\t\t\t\t\t\t\t<span class=\"elementor-grid-item\" role=\"listitem\">\n\t\t\t\t\t<a class=\"elementor-icon elementor-social-icon elementor-social-icon-facebook-f elementor-animation-grow elementor-repeater-item-644adde\" target=\"_blank\">\n\t\t\t\t\t\t<span class=\"elementor-screen-only\">Facebook-f<\/span>\n\t\t\t\t\t\t<svg class=\"e-font-icon-svg e-fab-facebook-f\" viewBox=\"0 0 320 512\" xmlns=\"http:\/\/www.w3.org\/2000\/svg\"><path d=\"M279.14 288l14.22-92.66h-88.91v-60.13c0-25.35 12.42-50.06 52.24-50.06h40.42V6.26S260.43 0 225.36 0c-73.22 0-121.08 44.38-121.08 124.72v70.62H22.89V288h81.39v224h100.17V288z\"><\/path><\/svg>\t\t\t\t\t<\/a>\n\t\t\t\t<\/span>\n\t\t\t\t\t\t\t<span class=\"elementor-grid-item\" role=\"listitem\">\n\t\t\t\t\t<a class=\"elementor-icon elementor-social-icon elementor-social-icon-linkedin-in elementor-animation-grow elementor-repeater-item-67244ad\" target=\"_blank\">\n\t\t\t\t\t\t<span class=\"elementor-screen-only\">Linkedin-in<\/span>\n\t\t\t\t\t\t<svg class=\"e-font-icon-svg e-fab-linkedin-in\" viewBox=\"0 0 448 512\" xmlns=\"http:\/\/www.w3.org\/2000\/svg\"><path d=\"M100.28 448H7.4V148.9h92.88zM53.79 108.1C24.09 108.1 0 83.5 0 53.8a53.79 53.79 0 0 1 107.58 0c0 29.7-24.1 54.3-53.79 54.3zM447.9 448h-92.68V302.4c0-34.7-.7-79.2-48.29-79.2-48.29 0-55.69 37.7-55.69 76.7V448h-92.78V148.9h89.08v40.8h1.3c12.4-23.5 42.69-48.3 87.88-48.3 94 0 111.28 61.9 111.28 142.3V448z\"><\/path><\/svg>\t\t\t\t\t<\/a>\n\t\t\t\t<\/span>\n\t\t\t\t\t\t\t<span class=\"elementor-grid-item\" role=\"listitem\">\n\t\t\t\t\t<a class=\"elementor-icon elementor-social-icon elementor-social-icon-twitter elementor-animation-grow elementor-repeater-item-0a8f117\" target=\"_blank\">\n\t\t\t\t\t\t<span class=\"elementor-screen-only\">Twitter<\/span>\n\t\t\t\t\t\t<svg class=\"e-font-icon-svg e-fab-twitter\" viewBox=\"0 0 512 512\" xmlns=\"http:\/\/www.w3.org\/2000\/svg\"><path d=\"M459.37 151.716c.325 4.548.325 9.097.325 13.645 0 138.72-105.583 298.558-298.558 298.558-59.452 0-114.68-17.219-161.137-47.106 8.447.974 16.568 1.299 25.34 1.299 49.055 0 94.213-16.568 130.274-44.832-46.132-.975-84.792-31.188-98.112-72.772 6.498.974 12.995 1.624 19.818 1.624 9.421 0 18.843-1.3 27.614-3.573-48.081-9.747-84.143-51.98-84.143-102.985v-1.299c13.969 7.797 30.214 12.67 47.431 13.319-28.264-18.843-46.781-51.005-46.781-87.391 0-19.492 5.197-37.36 14.294-52.954 51.655 63.675 129.3 105.258 216.365 109.807-1.624-7.797-2.599-15.918-2.599-24.04 0-57.828 46.782-104.934 104.934-104.934 30.213 0 57.502 12.67 76.67 33.137 23.715-4.548 46.456-13.32 66.599-25.34-7.798 24.366-24.366 44.833-46.132 57.827 21.117-2.273 41.584-8.122 60.426-16.243-14.292 20.791-32.161 39.308-52.628 54.253z\"><\/path><\/svg>\t\t\t\t\t<\/a>\n\t\t\t\t<\/span>\n\t\t\t\t\t\t\t<span class=\"elementor-grid-item\" role=\"listitem\">\n\t\t\t\t\t<a class=\"elementor-icon elementor-social-icon elementor-social-icon-instagram elementor-animation-grow elementor-repeater-item-0afeeec\" target=\"_blank\">\n\t\t\t\t\t\t<span class=\"elementor-screen-only\">Instagram<\/span>\n\t\t\t\t\t\t<svg class=\"e-font-icon-svg e-fab-instagram\" viewBox=\"0 0 448 512\" xmlns=\"http:\/\/www.w3.org\/2000\/svg\"><path d=\"M224.1 141c-63.6 0-114.9 51.3-114.9 114.9s51.3 114.9 114.9 114.9S339 319.5 339 255.9 287.7 141 224.1 141zm0 189.6c-41.1 0-74.7-33.5-74.7-74.7s33.5-74.7 74.7-74.7 74.7 33.5 74.7 74.7-33.6 74.7-74.7 74.7zm146.4-194.3c0 14.9-12 26.8-26.8 26.8-14.9 0-26.8-12-26.8-26.8s12-26.8 26.8-26.8 26.8 12 26.8 26.8zm76.1 27.2c-1.7-35.9-9.9-67.7-36.2-93.9-26.2-26.2-58-34.4-93.9-36.2-37-2.1-147.9-2.1-184.9 0-35.8 1.7-67.6 9.9-93.9 36.1s-34.4 58-36.2 93.9c-2.1 37-2.1 147.9 0 184.9 1.7 35.9 9.9 67.7 36.2 93.9s58 34.4 93.9 36.2c37 2.1 147.9 2.1 184.9 0 35.9-1.7 67.7-9.9 93.9-36.2 26.2-26.2 34.4-58 36.2-93.9 2.1-37 2.1-147.8 0-184.8zM398.8 388c-7.8 19.6-22.9 34.7-42.6 42.6-29.5 11.7-99.5 9-132.1 9s-102.7 2.6-132.1-9c-19.6-7.8-34.7-22.9-42.6-42.6-11.7-29.5-9-99.5-9-132.1s-2.6-102.7 9-132.1c7.8-19.6 22.9-34.7 42.6-42.6 29.5-11.7 99.5-9 132.1-9s102.7-2.6 132.1 9c19.6 7.8 34.7 22.9 42.6 42.6 11.7 29.5 9 99.5 9 132.1s2.7 102.7-9 132.1z\"><\/path><\/svg>\t\t\t\t\t<\/a>\n\t\t\t\t<\/span>\n\t\t\t\t\t<\/div>\n\t\t\t\t\t\t<\/div>\n\t\t\t\t<div class=\"elementor-element elementor-element-307790da elementor-absolute elementor-widget elementor-widget-spacer\" data-id=\"307790da\" data-element_type=\"widget\" data-settings=\"{&quot;_position&quot;:&quot;absolute&quot;}\" data-widget_type=\"spacer.default\">\n\t\t\t\t\t\t\t<div class=\"elementor-spacer\">\n\t\t\t<div class=\"elementor-spacer-inner\"><\/div>\n\t\t<\/div>\n\t\t\t\t\t\t<\/div>\n\t\t\t\t<div class=\"elementor-element elementor-element-30e85a71 elementor-absolute elementor-widget elementor-widget-spacer\" data-id=\"30e85a71\" data-element_type=\"widget\" data-settings=\"{&quot;_position&quot;:&quot;absolute&quot;}\" data-widget_type=\"spacer.default\">\n\t\t\t\t\t\t\t<div class=\"elementor-spacer\">\n\t\t\t<div class=\"elementor-spacer-inner\"><\/div>\n\t\t<\/div>\n\t\t\t\t\t\t<\/div>\n\t\t<div class=\"elementor-element elementor-element-5d584cb5 e-con-full e-flex e-con e-child\" data-id=\"5d584cb5\" data-element_type=\"container\">\n\t\t<div class=\"elementor-element elementor-element-36004c5a e-con-full e-flex e-con e-child\" data-id=\"36004c5a\" data-element_type=\"container\">\n\t\t\t\t<div class=\"elementor-element elementor-element-333a8c6d elementor-widget elementor-widget-heading\" data-id=\"333a8c6d\" data-element_type=\"widget\" data-widget_type=\"heading.default\">\n\t\t\t\t\t<h2 class=\"elementor-heading-title elementor-size-default\">H\u00e9ctor Ju\u00e1rez Camargo<\/h2>\t\t\t\t<\/div>\n\t\t\t\t<\/div>\n\t\t\t\t<\/div>\n\t\t\t\t\t<\/div>\n\t\t\t\t<\/div>\n\t\t\t\t<\/div>\n\t\t<div class=\"elementor-element elementor-element-640f1649 e-flex e-con-boxed e-con e-parent\" data-id=\"640f1649\" data-element_type=\"container\">\n\t\t\t\t\t<div class=\"e-con-inner\">\n\t\t<div class=\"elementor-element elementor-element-5ee75950 e-con-full e-flex e-con e-child\" data-id=\"5ee75950\" data-element_type=\"container\">\n\t\t\t\t<div class=\"elementor-element elementor-element-06b4b7f elementor-grid-3 elementor-grid-tablet-2 elementor-grid-mobile-1 elementor-posts--thumbnail-top elementor-widget elementor-widget-posts\" data-id=\"06b4b7f\" data-element_type=\"widget\" data-settings=\"{&quot;classic_columns&quot;:&quot;3&quot;,&quot;classic_columns_tablet&quot;:&quot;2&quot;,&quot;classic_columns_mobile&quot;:&quot;1&quot;,&quot;classic_row_gap&quot;:{&quot;unit&quot;:&quot;px&quot;,&quot;size&quot;:35,&quot;sizes&quot;:[]},&quot;classic_row_gap_tablet&quot;:{&quot;unit&quot;:&quot;px&quot;,&quot;size&quot;:&quot;&quot;,&quot;sizes&quot;:[]},&quot;classic_row_gap_mobile&quot;:{&quot;unit&quot;:&quot;px&quot;,&quot;size&quot;:&quot;&quot;,&quot;sizes&quot;:[]}}\" data-widget_type=\"posts.classic\">\n\t\t\t\t<div class=\"elementor-widget-container\">\n\t\t\t\t\t\t\t<div class=\"elementor-posts-container elementor-posts elementor-posts--skin-classic elementor-grid\">\n\t\t\t\t<article class=\"elementor-post elementor-grid-item post-3087 post type-post status-publish format-standard has-post-thumbnail hentry category-abril\">\n\t\t\t\t<a class=\"elementor-post__thumbnail__link\" href=\"https:\/\/siwarmedia.com\/?p=3087\" tabindex=\"-1\" >\n\t\t\t<div class=\"elementor-post__thumbnail\"><img fetchpriority=\"high\" decoding=\"async\" width=\"211\" height=\"300\" src=\"https:\/\/siwarmedia.com\/wp-content\/uploads\/2026\/04\/el-loco-211x300.jpg\" class=\"attachment-medium size-medium wp-image-3088\" alt=\"\" \/><\/div>\n\t\t<\/a>\n\t\t\t\t<div class=\"elementor-post__text\">\n\t\t\t\t<h3 class=\"elementor-post__title\">\n\t\t\t<a href=\"https:\/\/siwarmedia.com\/?p=3087\" >\n\t\t\t\tLA SOLEDAD DEL LOCO\t\t\t<\/a>\n\t\t<\/h3>\n\t\t\t\t<div class=\"elementor-post__meta-data\">\n\t\t\t\t\t<span class=\"elementor-post-author\">\n\t\t\tH\u00e9ctor Ju\u00e1rez Camargo\t\t<\/span>\n\t\t\t\t<span class=\"elementor-post-date\">\n\t\t\tabril 11, 2026\t\t<\/span>\n\t\t\t\t<\/div>\n\t\t\t\t<div class=\"elementor-post__excerpt\">\n\t\t\t<p>No hay peor situaci\u00f3n que estar \u201cloco\u201d en un pa\u00eds ca\u00f3tico y mediocre como el Per\u00fa. no solo esta abandonado por ese Estado incipiente que prometi\u00f3 cuidarlo; por su familia que no tiene ni el dinero, ni la paciencia para poder controlarlo; est\u00e1 sometido no solo a la indiferencia e impotencia de sus semejantes, sino el mismo se ha abandonado.<\/p>\n\t\t<\/div>\n\t\t\n\t\t<a class=\"elementor-post__read-more\" href=\"https:\/\/siwarmedia.com\/?p=3087\" aria-label=\"Read more about LA SOLEDAD DEL LOCO\" tabindex=\"-1\" >\n\t\t\tRead More \u00bb\t\t<\/a>\n\n\t\t\t\t<\/div>\n\t\t\t\t<\/article>\n\t\t\t\t<article class=\"elementor-post elementor-grid-item post-3000 post type-post status-publish format-standard has-post-thumbnail hentry category-marzo\">\n\t\t\t\t<a class=\"elementor-post__thumbnail__link\" href=\"https:\/\/siwarmedia.com\/?p=3000\" tabindex=\"-1\" >\n\t\t\t<div class=\"elementor-post__thumbnail\"><img decoding=\"async\" width=\"206\" height=\"300\" src=\"https:\/\/siwarmedia.com\/wp-content\/uploads\/2026\/03\/una-abuela-y-su-nieto-van-en-un-paseo-dibujo-del-vector-de-mujer-mayor-con-que-da-141028047-206x300.webp\" class=\"attachment-medium size-medium wp-image-3001\" alt=\"\" srcset=\"https:\/\/siwarmedia.com\/wp-content\/uploads\/2026\/03\/una-abuela-y-su-nieto-van-en-un-paseo-dibujo-del-vector-de-mujer-mayor-con-que-da-141028047-206x300.webp 206w, https:\/\/siwarmedia.com\/wp-content\/uploads\/2026\/03\/una-abuela-y-su-nieto-van-en-un-paseo-dibujo-del-vector-de-mujer-mayor-con-que-da-141028047-702x1024.webp 702w, https:\/\/siwarmedia.com\/wp-content\/uploads\/2026\/03\/una-abuela-y-su-nieto-van-en-un-paseo-dibujo-del-vector-de-mujer-mayor-con-que-da-141028047-768x1120.webp 768w, https:\/\/siwarmedia.com\/wp-content\/uploads\/2026\/03\/una-abuela-y-su-nieto-van-en-un-paseo-dibujo-del-vector-de-mujer-mayor-con-que-da-141028047-1053x1536.webp 1053w, https:\/\/siwarmedia.com\/wp-content\/uploads\/2026\/03\/una-abuela-y-su-nieto-van-en-un-paseo-dibujo-del-vector-de-mujer-mayor-con-que-da-141028047.webp 1159w\" sizes=\"(max-width: 206px) 100vw, 206px\" \/><\/div>\n\t\t<\/a>\n\t\t\t\t<div class=\"elementor-post__text\">\n\t\t\t\t<h3 class=\"elementor-post__title\">\n\t\t\t<a href=\"https:\/\/siwarmedia.com\/?p=3000\" >\n\t\t\t\tMUJER ABUELA\t\t\t<\/a>\n\t\t<\/h3>\n\t\t\t\t<div class=\"elementor-post__meta-data\">\n\t\t\t\t\t<span class=\"elementor-post-author\">\n\t\t\tH\u00e9ctor Ju\u00e1rez Camargo\t\t<\/span>\n\t\t\t\t<span class=\"elementor-post-date\">\n\t\t\tmarzo 7, 2026\t\t<\/span>\n\t\t\t\t<\/div>\n\t\t\t\t<div class=\"elementor-post__excerpt\">\n\t\t\t<p>&#8220;Comes como un perro: solo y la comida fr\u00eda\u201d. Ella que com\u00eda la sopa hirviendo le parec\u00eda una barbaridad, en el sentido estricto de la palabra, que una persona no utilizara la cocina o el horno microondas para comer la comida caliente. Y eso de \u201ccomer solo\u201d siempre me pareci\u00f3 una invitaci\u00f3n a valorar la familia, la compa\u00f1\u00eda, la amistad, pues por esas cosas extra\u00f1as de la vida ella no hab\u00eda tenido hijos.<\/p>\n\t\t<\/div>\n\t\t\n\t\t<a class=\"elementor-post__read-more\" href=\"https:\/\/siwarmedia.com\/?p=3000\" aria-label=\"Read more about MUJER ABUELA\" tabindex=\"-1\" >\n\t\t\tRead More \u00bb\t\t<\/a>\n\n\t\t\t\t<\/div>\n\t\t\t\t<\/article>\n\t\t\t\t<article class=\"elementor-post elementor-grid-item post-2695 post type-post status-publish format-standard has-post-thumbnail hentry category-febrero\">\n\t\t\t\t<a class=\"elementor-post__thumbnail__link\" href=\"https:\/\/siwarmedia.com\/?p=2695\" tabindex=\"-1\" >\n\t\t\t<div class=\"elementor-post__thumbnail\"><img decoding=\"async\" width=\"225\" height=\"300\" src=\"https:\/\/siwarmedia.com\/wp-content\/uploads\/2026\/02\/nosotros-225x300.jpg\" class=\"attachment-medium size-medium wp-image-2702\" alt=\"\" srcset=\"https:\/\/siwarmedia.com\/wp-content\/uploads\/2026\/02\/nosotros-225x300.jpg 225w, https:\/\/siwarmedia.com\/wp-content\/uploads\/2026\/02\/nosotros.jpg 720w\" sizes=\"(max-width: 225px) 100vw, 225px\" \/><\/div>\n\t\t<\/a>\n\t\t\t\t<div class=\"elementor-post__text\">\n\t\t\t\t<h3 class=\"elementor-post__title\">\n\t\t\t<a href=\"https:\/\/siwarmedia.com\/?p=2695\" >\n\t\t\t\tESTO ES EL AMOR\t\t\t<\/a>\n\t\t<\/h3>\n\t\t\t\t<div class=\"elementor-post__meta-data\">\n\t\t\t\t\t<span class=\"elementor-post-author\">\n\t\t\tH\u00e9ctor Ju\u00e1rez Camargo\t\t<\/span>\n\t\t\t\t<span class=\"elementor-post-date\">\n\t\t\tfebrero 18, 2026\t\t<\/span>\n\t\t\t\t<\/div>\n\t\t\t\t<div class=\"elementor-post__excerpt\">\n\t\t\t<p>Ovidio dec\u00eda que el amor de los pobres tiene una caracter\u00edstica especial, ante la imposibilidad de regalar dadivas solo queda regalar palabras <\/p>\n\t\t<\/div>\n\t\t\n\t\t<a class=\"elementor-post__read-more\" href=\"https:\/\/siwarmedia.com\/?p=2695\" aria-label=\"Read more about ESTO ES EL AMOR\" tabindex=\"-1\" >\n\t\t\tRead More \u00bb\t\t<\/a>\n\n\t\t\t\t<\/div>\n\t\t\t\t<\/article>\n\t\t\t\t<article class=\"elementor-post elementor-grid-item post-2478 post type-post status-publish format-standard has-post-thumbnail hentry category-enero\">\n\t\t\t\t<a class=\"elementor-post__thumbnail__link\" href=\"https:\/\/siwarmedia.com\/?p=2478\" tabindex=\"-1\" >\n\t\t\t<div class=\"elementor-post__thumbnail\"><img loading=\"lazy\" decoding=\"async\" width=\"300\" height=\"252\" src=\"https:\/\/siwarmedia.com\/wp-content\/uploads\/2026\/01\/time-300x252.jpg\" class=\"attachment-medium size-medium wp-image-2479\" alt=\"\" srcset=\"https:\/\/siwarmedia.com\/wp-content\/uploads\/2026\/01\/time-300x252.jpg 300w, https:\/\/siwarmedia.com\/wp-content\/uploads\/2026\/01\/time-768x644.jpg 768w, https:\/\/siwarmedia.com\/wp-content\/uploads\/2026\/01\/time.jpg 800w\" sizes=\"(max-width: 300px) 100vw, 300px\" \/><\/div>\n\t\t<\/a>\n\t\t\t\t<div class=\"elementor-post__text\">\n\t\t\t\t<h3 class=\"elementor-post__title\">\n\t\t\t<a href=\"https:\/\/siwarmedia.com\/?p=2478\" >\n\t\t\t\tEL FUTURO: LA PROMESA DE LA MODERNIDAD\t\t\t<\/a>\n\t\t<\/h3>\n\t\t\t\t<div class=\"elementor-post__meta-data\">\n\t\t\t\t\t<span class=\"elementor-post-author\">\n\t\t\tH\u00e9ctor Ju\u00e1rez Camargo\t\t<\/span>\n\t\t\t\t<span class=\"elementor-post-date\">\n\t\t\tenero 17, 2026\t\t<\/span>\n\t\t\t\t<\/div>\n\t\t\t\t<div class=\"elementor-post__excerpt\">\n\t\t\t<p>La gran promesa de la modernidad fue el futuro, el por-venir llegaba con \u201clo nuevo\u201d, con \u201cprogreso\u201d, \u201cdesarrollo\u201d, \u201cbienestar\u201d. El pasado era sin\u00f3nimo de \u201coscurantismo\u201d, de \u201ctradici\u00f3n\u201d, de \u201cquietismo\u201d. El pasado era un mundo congelado, espiritual y socialmente, por eso Marx define a la modernidad como un mundo \u201cdonde todo lo solido se desvanece\u201d para dar lugar a uno nuevo y mejor.<\/p>\n\t\t<\/div>\n\t\t\n\t\t<a class=\"elementor-post__read-more\" href=\"https:\/\/siwarmedia.com\/?p=2478\" aria-label=\"Read more about EL FUTURO: LA PROMESA DE LA MODERNIDAD\" tabindex=\"-1\" >\n\t\t\tRead More \u00bb\t\t<\/a>\n\n\t\t\t\t<\/div>\n\t\t\t\t<\/article>\n\t\t\t\t<article class=\"elementor-post elementor-grid-item post-2395 post type-post status-publish format-standard has-post-thumbnail hentry category-diciembre tag-filosofia tag-la-libertad tag-temadelmes\">\n\t\t\t\t<a class=\"elementor-post__thumbnail__link\" href=\"https:\/\/siwarmedia.com\/?p=2395\" tabindex=\"-1\" >\n\t\t\t<div class=\"elementor-post__thumbnail\"><img loading=\"lazy\" decoding=\"async\" width=\"200\" height=\"300\" src=\"https:\/\/siwarmedia.com\/wp-content\/uploads\/2025\/12\/huellas-en-arena-en-la-playa-28106976-200x300.webp\" class=\"attachment-medium size-medium wp-image-2396\" alt=\"\" srcset=\"https:\/\/siwarmedia.com\/wp-content\/uploads\/2025\/12\/huellas-en-arena-en-la-playa-28106976-200x300.webp 200w, https:\/\/siwarmedia.com\/wp-content\/uploads\/2025\/12\/huellas-en-arena-en-la-playa-28106976.webp 600w\" sizes=\"(max-width: 200px) 100vw, 200px\" \/><\/div>\n\t\t<\/a>\n\t\t\t\t<div class=\"elementor-post__text\">\n\t\t\t\t<h3 class=\"elementor-post__title\">\n\t\t\t<a href=\"https:\/\/siwarmedia.com\/?p=2395\" >\n\t\t\t\tLA PRIMERA LIBERTAD\t\t\t<\/a>\n\t\t<\/h3>\n\t\t\t\t<div class=\"elementor-post__meta-data\">\n\t\t\t\t\t<span class=\"elementor-post-author\">\n\t\t\tH\u00e9ctor Ju\u00e1rez Camargo\t\t<\/span>\n\t\t\t\t<span class=\"elementor-post-date\">\n\t\t\tdiciembre 17, 2025\t\t<\/span>\n\t\t\t\t<\/div>\n\t\t\t\t<div class=\"elementor-post__excerpt\">\n\t\t\t<p>La primera libertad es la libertad de moverse, la libertad de caminar, de transitar por donde queramos y con quien nos apetezca, esa libertad de vagabundear, de ser errante, de ser n\u00f3mada, de sentirse extraviado, es parte de nuestra m\u00e1s \u00edntima humanidad.<\/p>\n\t\t<\/div>\n\t\t\n\t\t<a class=\"elementor-post__read-more\" href=\"https:\/\/siwarmedia.com\/?p=2395\" aria-label=\"Read more about LA PRIMERA LIBERTAD\" tabindex=\"-1\" >\n\t\t\tRead More \u00bb\t\t<\/a>\n\n\t\t\t\t<\/div>\n\t\t\t\t<\/article>\n\t\t\t\t<article class=\"elementor-post elementor-grid-item post-2206 post type-post status-publish format-standard has-post-thumbnail hentry category-noviembre tag-filosofia tag-la-felicidad tag-temadelmes\">\n\t\t\t\t<a class=\"elementor-post__thumbnail__link\" href=\"https:\/\/siwarmedia.com\/?p=2206\" tabindex=\"-1\" >\n\t\t\t<div class=\"elementor-post__thumbnail\"><img loading=\"lazy\" decoding=\"async\" width=\"300\" height=\"188\" src=\"https:\/\/siwarmedia.com\/wp-content\/uploads\/2025\/11\/Felicidad-300x188.jpg\" class=\"attachment-medium size-medium wp-image-2208\" alt=\"\" srcset=\"https:\/\/siwarmedia.com\/wp-content\/uploads\/2025\/11\/Felicidad-300x188.jpg 300w, https:\/\/siwarmedia.com\/wp-content\/uploads\/2025\/11\/Felicidad-1024x640.jpg 1024w, https:\/\/siwarmedia.com\/wp-content\/uploads\/2025\/11\/Felicidad-768x480.jpg 768w, https:\/\/siwarmedia.com\/wp-content\/uploads\/2025\/11\/Felicidad-1536x960.jpg 1536w, https:\/\/siwarmedia.com\/wp-content\/uploads\/2025\/11\/Felicidad.jpg 2048w\" sizes=\"(max-width: 300px) 100vw, 300px\" \/><\/div>\n\t\t<\/a>\n\t\t\t\t<div class=\"elementor-post__text\">\n\t\t\t\t<h3 class=\"elementor-post__title\">\n\t\t\t<a href=\"https:\/\/siwarmedia.com\/?p=2206\" >\n\t\t\t\tLA FELICIDAD: \u00bfB\u00daSQUEDA O ENCUENTRO?\t\t\t<\/a>\n\t\t<\/h3>\n\t\t\t\t<div class=\"elementor-post__meta-data\">\n\t\t\t\t\t<span class=\"elementor-post-author\">\n\t\t\tH\u00e9ctor Ju\u00e1rez Camargo\t\t<\/span>\n\t\t\t\t<span class=\"elementor-post-date\">\n\t\t\tnoviembre 16, 2025\t\t<\/span>\n\t\t\t\t<\/div>\n\t\t\t\t<div class=\"elementor-post__excerpt\">\n\t\t\t<p>\u00bfLa felicidad ser\u00e1 una b\u00fasqueda o encuentro? \u00bfSer\u00e1 que somos ciegos para reconocerla y por ello siempre la encontramos en el pasado? <\/p>\n\t\t<\/div>\n\t\t\n\t\t<a class=\"elementor-post__read-more\" href=\"https:\/\/siwarmedia.com\/?p=2206\" aria-label=\"Read more about LA FELICIDAD: \u00bfB\u00daSQUEDA O ENCUENTRO?\" tabindex=\"-1\" >\n\t\t\tRead More \u00bb\t\t<\/a>\n\n\t\t\t\t<\/div>\n\t\t\t\t<\/article>\n\t\t\t\t<\/div>\n\t\t\n\t\t\t\t\t\t<\/div>\n\t\t\t\t<\/div>\n\t\t\t\t<\/div>\n\t\t\t\t\t<\/div>\n\t\t\t\t<\/div>\n\t\t\t\t<\/div>\n\t\t","protected":false},"excerpt":{"rendered":"<p>Facebook-f Linkedin-in Twitter Instagram H\u00e9ctor Ju\u00e1rez Camargo<\/p>\n","protected":false},"author":1,"featured_media":0,"parent":0,"menu_order":2,"comment_status":"closed","ping_status":"closed","template":"","meta":{"footnotes":""},"class_list":["post-1571","page","type-page","status-publish","hentry"],"_links":{"self":[{"href":"https:\/\/siwarmedia.com\/index.php?rest_route=\/wp\/v2\/pages\/1571","targetHints":{"allow":["GET"]}}],"collection":[{"href":"https:\/\/siwarmedia.com\/index.php?rest_route=\/wp\/v2\/pages"}],"about":[{"href":"https:\/\/siwarmedia.com\/index.php?rest_route=\/wp\/v2\/types\/page"}],"author":[{"embeddable":true,"href":"https:\/\/siwarmedia.com\/index.php?rest_route=\/wp\/v2\/users\/1"}],"replies":[{"embeddable":true,"href":"https:\/\/siwarmedia.com\/index.php?rest_route=%2Fwp%2Fv2%2Fcomments&post=1571"}],"version-history":[{"count":7,"href":"https:\/\/siwarmedia.com\/index.php?rest_route=\/wp\/v2\/pages\/1571\/revisions"}],"predecessor-version":[{"id":1589,"href":"https:\/\/siwarmedia.com\/index.php?rest_route=\/wp\/v2\/pages\/1571\/revisions\/1589"}],"wp:attachment":[{"href":"https:\/\/siwarmedia.com\/index.php?rest_route=%2Fwp%2Fv2%2Fmedia&parent=1571"}],"curies":[{"name":"wp","href":"https:\/\/api.w.org\/{rel}","templated":true}]}}