{"id":1568,"date":"2025-09-09T14:08:53","date_gmt":"2025-09-09T14:08:53","guid":{"rendered":"https:\/\/siwarmedia.com\/?page_id=1568"},"modified":"2025-09-09T14:16:51","modified_gmt":"2025-09-09T14:16:51","slug":"jose-justo-calderon-dongo","status":"publish","type":"page","link":"https:\/\/siwarmedia.com\/?page_id=1568","title":{"rendered":"Jos\u00e9 Justo Calder\u00f3n Dongo"},"content":{"rendered":"\t\t<div data-elementor-type=\"wp-page\" data-elementor-id=\"1568\" class=\"elementor elementor-1568\" data-elementor-post-type=\"page\">\n\t\t\t\t<div class=\"elementor-element elementor-element-3abbc815 e-con-full e-flex e-con e-parent\" data-id=\"3abbc815\" data-element_type=\"container\">\n\t\t<div class=\"elementor-element elementor-element-2d4f82c4 e-flex e-con-boxed e-con e-child\" data-id=\"2d4f82c4\" data-element_type=\"container\">\n\t\t\t\t\t<div class=\"e-con-inner\">\n\t\t\t\t<div class=\"elementor-element elementor-element-2fe010b8 elementor-widget__width-initial elementor-fixed elementor-hidden-phone elementor-widget elementor-widget-spacer\" data-id=\"2fe010b8\" data-element_type=\"widget\" data-settings=\"{&quot;_position&quot;:&quot;fixed&quot;}\" data-widget_type=\"spacer.default\">\n\t\t\t\t\t\t\t<div class=\"elementor-spacer\">\n\t\t\t<div class=\"elementor-spacer-inner\"><\/div>\n\t\t<\/div>\n\t\t\t\t\t\t<\/div>\n\t\t\t\t<div class=\"elementor-element elementor-element-4bcdbb0c elementor-grid-1 elementor-widget__width-initial elementor-fixed elementor-widget-tablet__width-initial elementor-hidden-phone elementor-shape-rounded e-grid-align-center elementor-widget elementor-widget-social-icons\" data-id=\"4bcdbb0c\" data-element_type=\"widget\" data-settings=\"{&quot;_position&quot;:&quot;fixed&quot;}\" data-widget_type=\"social-icons.default\">\n\t\t\t\t\t\t\t<div class=\"elementor-social-icons-wrapper elementor-grid\" role=\"list\">\n\t\t\t\t\t\t\t<span class=\"elementor-grid-item\" role=\"listitem\">\n\t\t\t\t\t<a class=\"elementor-icon elementor-social-icon elementor-social-icon-facebook-f elementor-animation-grow elementor-repeater-item-644adde\" target=\"_blank\">\n\t\t\t\t\t\t<span class=\"elementor-screen-only\">Facebook-f<\/span>\n\t\t\t\t\t\t<svg class=\"e-font-icon-svg e-fab-facebook-f\" viewBox=\"0 0 320 512\" xmlns=\"http:\/\/www.w3.org\/2000\/svg\"><path d=\"M279.14 288l14.22-92.66h-88.91v-60.13c0-25.35 12.42-50.06 52.24-50.06h40.42V6.26S260.43 0 225.36 0c-73.22 0-121.08 44.38-121.08 124.72v70.62H22.89V288h81.39v224h100.17V288z\"><\/path><\/svg>\t\t\t\t\t<\/a>\n\t\t\t\t<\/span>\n\t\t\t\t\t\t\t<span class=\"elementor-grid-item\" role=\"listitem\">\n\t\t\t\t\t<a class=\"elementor-icon elementor-social-icon elementor-social-icon-linkedin-in elementor-animation-grow elementor-repeater-item-67244ad\" target=\"_blank\">\n\t\t\t\t\t\t<span class=\"elementor-screen-only\">Linkedin-in<\/span>\n\t\t\t\t\t\t<svg class=\"e-font-icon-svg e-fab-linkedin-in\" viewBox=\"0 0 448 512\" xmlns=\"http:\/\/www.w3.org\/2000\/svg\"><path d=\"M100.28 448H7.4V148.9h92.88zM53.79 108.1C24.09 108.1 0 83.5 0 53.8a53.79 53.79 0 0 1 107.58 0c0 29.7-24.1 54.3-53.79 54.3zM447.9 448h-92.68V302.4c0-34.7-.7-79.2-48.29-79.2-48.29 0-55.69 37.7-55.69 76.7V448h-92.78V148.9h89.08v40.8h1.3c12.4-23.5 42.69-48.3 87.88-48.3 94 0 111.28 61.9 111.28 142.3V448z\"><\/path><\/svg>\t\t\t\t\t<\/a>\n\t\t\t\t<\/span>\n\t\t\t\t\t\t\t<span class=\"elementor-grid-item\" role=\"listitem\">\n\t\t\t\t\t<a class=\"elementor-icon elementor-social-icon elementor-social-icon-twitter elementor-animation-grow elementor-repeater-item-0a8f117\" target=\"_blank\">\n\t\t\t\t\t\t<span class=\"elementor-screen-only\">Twitter<\/span>\n\t\t\t\t\t\t<svg class=\"e-font-icon-svg e-fab-twitter\" viewBox=\"0 0 512 512\" xmlns=\"http:\/\/www.w3.org\/2000\/svg\"><path d=\"M459.37 151.716c.325 4.548.325 9.097.325 13.645 0 138.72-105.583 298.558-298.558 298.558-59.452 0-114.68-17.219-161.137-47.106 8.447.974 16.568 1.299 25.34 1.299 49.055 0 94.213-16.568 130.274-44.832-46.132-.975-84.792-31.188-98.112-72.772 6.498.974 12.995 1.624 19.818 1.624 9.421 0 18.843-1.3 27.614-3.573-48.081-9.747-84.143-51.98-84.143-102.985v-1.299c13.969 7.797 30.214 12.67 47.431 13.319-28.264-18.843-46.781-51.005-46.781-87.391 0-19.492 5.197-37.36 14.294-52.954 51.655 63.675 129.3 105.258 216.365 109.807-1.624-7.797-2.599-15.918-2.599-24.04 0-57.828 46.782-104.934 104.934-104.934 30.213 0 57.502 12.67 76.67 33.137 23.715-4.548 46.456-13.32 66.599-25.34-7.798 24.366-24.366 44.833-46.132 57.827 21.117-2.273 41.584-8.122 60.426-16.243-14.292 20.791-32.161 39.308-52.628 54.253z\"><\/path><\/svg>\t\t\t\t\t<\/a>\n\t\t\t\t<\/span>\n\t\t\t\t\t\t\t<span class=\"elementor-grid-item\" role=\"listitem\">\n\t\t\t\t\t<a class=\"elementor-icon elementor-social-icon elementor-social-icon-instagram elementor-animation-grow elementor-repeater-item-0afeeec\" target=\"_blank\">\n\t\t\t\t\t\t<span class=\"elementor-screen-only\">Instagram<\/span>\n\t\t\t\t\t\t<svg class=\"e-font-icon-svg e-fab-instagram\" viewBox=\"0 0 448 512\" xmlns=\"http:\/\/www.w3.org\/2000\/svg\"><path d=\"M224.1 141c-63.6 0-114.9 51.3-114.9 114.9s51.3 114.9 114.9 114.9S339 319.5 339 255.9 287.7 141 224.1 141zm0 189.6c-41.1 0-74.7-33.5-74.7-74.7s33.5-74.7 74.7-74.7 74.7 33.5 74.7 74.7-33.6 74.7-74.7 74.7zm146.4-194.3c0 14.9-12 26.8-26.8 26.8-14.9 0-26.8-12-26.8-26.8s12-26.8 26.8-26.8 26.8 12 26.8 26.8zm76.1 27.2c-1.7-35.9-9.9-67.7-36.2-93.9-26.2-26.2-58-34.4-93.9-36.2-37-2.1-147.9-2.1-184.9 0-35.8 1.7-67.6 9.9-93.9 36.1s-34.4 58-36.2 93.9c-2.1 37-2.1 147.9 0 184.9 1.7 35.9 9.9 67.7 36.2 93.9s58 34.4 93.9 36.2c37 2.1 147.9 2.1 184.9 0 35.9-1.7 67.7-9.9 93.9-36.2 26.2-26.2 34.4-58 36.2-93.9 2.1-37 2.1-147.8 0-184.8zM398.8 388c-7.8 19.6-22.9 34.7-42.6 42.6-29.5 11.7-99.5 9-132.1 9s-102.7 2.6-132.1-9c-19.6-7.8-34.7-22.9-42.6-42.6-11.7-29.5-9-99.5-9-132.1s-2.6-102.7 9-132.1c7.8-19.6 22.9-34.7 42.6-42.6 29.5-11.7 99.5-9 132.1-9s102.7-2.6 132.1 9c19.6 7.8 34.7 22.9 42.6 42.6 11.7 29.5 9 99.5 9 132.1s2.7 102.7-9 132.1z\"><\/path><\/svg>\t\t\t\t\t<\/a>\n\t\t\t\t<\/span>\n\t\t\t\t\t<\/div>\n\t\t\t\t\t\t<\/div>\n\t\t\t\t<div class=\"elementor-element elementor-element-307790da elementor-absolute elementor-widget elementor-widget-spacer\" data-id=\"307790da\" data-element_type=\"widget\" data-settings=\"{&quot;_position&quot;:&quot;absolute&quot;}\" data-widget_type=\"spacer.default\">\n\t\t\t\t\t\t\t<div class=\"elementor-spacer\">\n\t\t\t<div class=\"elementor-spacer-inner\"><\/div>\n\t\t<\/div>\n\t\t\t\t\t\t<\/div>\n\t\t\t\t<div class=\"elementor-element elementor-element-30e85a71 elementor-absolute elementor-widget elementor-widget-spacer\" data-id=\"30e85a71\" data-element_type=\"widget\" data-settings=\"{&quot;_position&quot;:&quot;absolute&quot;}\" data-widget_type=\"spacer.default\">\n\t\t\t\t\t\t\t<div class=\"elementor-spacer\">\n\t\t\t<div class=\"elementor-spacer-inner\"><\/div>\n\t\t<\/div>\n\t\t\t\t\t\t<\/div>\n\t\t<div class=\"elementor-element elementor-element-5d584cb5 e-con-full e-flex e-con e-child\" data-id=\"5d584cb5\" data-element_type=\"container\">\n\t\t<div class=\"elementor-element elementor-element-36004c5a e-con-full e-flex e-con e-child\" data-id=\"36004c5a\" data-element_type=\"container\">\n\t\t\t\t<div class=\"elementor-element elementor-element-333a8c6d elementor-widget elementor-widget-heading\" data-id=\"333a8c6d\" data-element_type=\"widget\" data-widget_type=\"heading.default\">\n\t\t\t\t\t<h2 class=\"elementor-heading-title elementor-size-default\">Jos\u00e9 Justo Calder\u00f3n Dongo<\/h2>\t\t\t\t<\/div>\n\t\t\t\t<\/div>\n\t\t\t\t<\/div>\n\t\t\t\t\t<\/div>\n\t\t\t\t<\/div>\n\t\t\t\t<\/div>\n\t\t<div class=\"elementor-element elementor-element-640f1649 e-flex e-con-boxed e-con e-parent\" data-id=\"640f1649\" data-element_type=\"container\">\n\t\t\t\t\t<div class=\"e-con-inner\">\n\t\t<div class=\"elementor-element elementor-element-5ee75950 e-con-full e-flex e-con e-child\" data-id=\"5ee75950\" data-element_type=\"container\">\n\t\t\t\t<div class=\"elementor-element elementor-element-712e45a elementor-grid-3 elementor-grid-tablet-2 elementor-grid-mobile-1 elementor-posts--thumbnail-top elementor-widget elementor-widget-posts\" data-id=\"712e45a\" data-element_type=\"widget\" data-settings=\"{&quot;classic_columns&quot;:&quot;3&quot;,&quot;classic_columns_tablet&quot;:&quot;2&quot;,&quot;classic_columns_mobile&quot;:&quot;1&quot;,&quot;classic_row_gap&quot;:{&quot;unit&quot;:&quot;px&quot;,&quot;size&quot;:35,&quot;sizes&quot;:[]},&quot;classic_row_gap_tablet&quot;:{&quot;unit&quot;:&quot;px&quot;,&quot;size&quot;:&quot;&quot;,&quot;sizes&quot;:[]},&quot;classic_row_gap_mobile&quot;:{&quot;unit&quot;:&quot;px&quot;,&quot;size&quot;:&quot;&quot;,&quot;sizes&quot;:[]}}\" data-widget_type=\"posts.classic\">\n\t\t\t\t<div class=\"elementor-widget-container\">\n\t\t\t\t\t\t\t<div class=\"elementor-posts-container elementor-posts elementor-posts--skin-classic elementor-grid\">\n\t\t\t\t<article class=\"elementor-post elementor-grid-item post-3047 post type-post status-publish format-standard has-post-thumbnail hentry category-marzo\">\n\t\t\t\t<a class=\"elementor-post__thumbnail__link\" href=\"https:\/\/siwarmedia.com\/?p=3047\" tabindex=\"-1\" >\n\t\t\t<div class=\"elementor-post__thumbnail\"><img fetchpriority=\"high\" decoding=\"async\" width=\"300\" height=\"208\" src=\"https:\/\/siwarmedia.com\/wp-content\/uploads\/2026\/03\/8deMarzo-300x208.jpg\" class=\"attachment-medium size-medium wp-image-3053\" alt=\"\" srcset=\"https:\/\/siwarmedia.com\/wp-content\/uploads\/2026\/03\/8deMarzo-300x208.jpg 300w, https:\/\/siwarmedia.com\/wp-content\/uploads\/2026\/03\/8deMarzo.jpg 750w\" sizes=\"(max-width: 300px) 100vw, 300px\" \/><\/div>\n\t\t<\/a>\n\t\t\t\t<div class=\"elementor-post__text\">\n\t\t\t\t<h3 class=\"elementor-post__title\">\n\t\t\t<a href=\"https:\/\/siwarmedia.com\/?p=3047\" >\n\t\t\t\tLa mercantilizaci\u00f3n de las conmemoraciones: Reflexiones sobre el D\u00eda Internacional de la Mujer Trabajadora\t\t\t<\/a>\n\t\t<\/h3>\n\t\t\t\t<div class=\"elementor-post__meta-data\">\n\t\t\t\t\t<span class=\"elementor-post-author\">\n\t\t\tJos\u00e9 Justo Calder\u00f3n Dongo\t\t<\/span>\n\t\t\t\t<span class=\"elementor-post-date\">\n\t\t\tmarzo 8, 2026\t\t<\/span>\n\t\t\t\t<\/div>\n\t\t\t\t<div class=\"elementor-post__excerpt\">\n\t\t\t<p>El autor aborda el D\u00eda Internacional de la Mujer Trabajadora, entre el consumo y la conciencia, y le brinda una mirada cr\u00edtica a esta celebraci\u00f3n en la sociedad capitalista.<\/p>\n\t\t<\/div>\n\t\t\n\t\t<a class=\"elementor-post__read-more\" href=\"https:\/\/siwarmedia.com\/?p=3047\" aria-label=\"Read more about La mercantilizaci\u00f3n de las conmemoraciones: Reflexiones sobre el D\u00eda Internacional de la Mujer Trabajadora\" tabindex=\"-1\" >\n\t\t\tRead More \u00bb\t\t<\/a>\n\n\t\t\t\t<\/div>\n\t\t\t\t<\/article>\n\t\t\t\t<article class=\"elementor-post elementor-grid-item post-2762 post type-post status-publish format-standard has-post-thumbnail hentry category-febrero\">\n\t\t\t\t<a class=\"elementor-post__thumbnail__link\" href=\"https:\/\/siwarmedia.com\/?p=2762\" tabindex=\"-1\" >\n\t\t\t<div class=\"elementor-post__thumbnail\"><img decoding=\"async\" width=\"300\" height=\"169\" src=\"https:\/\/siwarmedia.com\/wp-content\/uploads\/2026\/02\/entrevista-martinelli-imagen-priincipal-300x169.jpg\" class=\"attachment-medium size-medium wp-image-2767\" alt=\"\" srcset=\"https:\/\/siwarmedia.com\/wp-content\/uploads\/2026\/02\/entrevista-martinelli-imagen-priincipal-300x169.jpg 300w, https:\/\/siwarmedia.com\/wp-content\/uploads\/2026\/02\/entrevista-martinelli-imagen-priincipal-1024x576.jpg 1024w, https:\/\/siwarmedia.com\/wp-content\/uploads\/2026\/02\/entrevista-martinelli-imagen-priincipal-768x432.jpg 768w, https:\/\/siwarmedia.com\/wp-content\/uploads\/2026\/02\/entrevista-martinelli-imagen-priincipal.jpg 1200w\" sizes=\"(max-width: 300px) 100vw, 300px\" \/><\/div>\n\t\t<\/a>\n\t\t\t\t<div class=\"elementor-post__text\">\n\t\t\t\t<h3 class=\"elementor-post__title\">\n\t\t\t<a href=\"https:\/\/siwarmedia.com\/?p=2762\" >\n\t\t\t\tEL AMOR EN TIEMPOS DE GENOCIDIO\t\t\t<\/a>\n\t\t<\/h3>\n\t\t\t\t<div class=\"elementor-post__meta-data\">\n\t\t\t\t\t<span class=\"elementor-post-author\">\n\t\t\tJos\u00e9 Justo Calder\u00f3n Dongo\t\t<\/span>\n\t\t\t\t<span class=\"elementor-post-date\">\n\t\t\tfebrero 20, 2026\t\t<\/span>\n\t\t\t\t<\/div>\n\t\t\t\t<div class=\"elementor-post__excerpt\">\n\t\t\t<p>El autor aborda el amor con los ojos puestos en la actualidad, como un producto de los sentidos condicionados, frente a un sentimiento mucho m\u00e1s profundo.<\/p>\n\t\t<\/div>\n\t\t\n\t\t<a class=\"elementor-post__read-more\" href=\"https:\/\/siwarmedia.com\/?p=2762\" aria-label=\"Read more about EL AMOR EN TIEMPOS DE GENOCIDIO\" tabindex=\"-1\" >\n\t\t\tRead More \u00bb\t\t<\/a>\n\n\t\t\t\t<\/div>\n\t\t\t\t<\/article>\n\t\t\t\t<article class=\"elementor-post elementor-grid-item post-2570 post type-post status-publish format-standard has-post-thumbnail hentry category-enero\">\n\t\t\t\t<a class=\"elementor-post__thumbnail__link\" href=\"https:\/\/siwarmedia.com\/?p=2570\" tabindex=\"-1\" >\n\t\t\t<div class=\"elementor-post__thumbnail\"><img decoding=\"async\" width=\"300\" height=\"181\" src=\"https:\/\/siwarmedia.com\/wp-content\/uploads\/2026\/01\/487203053_9386259388131407_7367910831256287867_n-300x181.jpg\" class=\"attachment-medium size-medium wp-image-2575\" alt=\"\" srcset=\"https:\/\/siwarmedia.com\/wp-content\/uploads\/2026\/01\/487203053_9386259388131407_7367910831256287867_n-300x181.jpg 300w, https:\/\/siwarmedia.com\/wp-content\/uploads\/2026\/01\/487203053_9386259388131407_7367910831256287867_n.jpg 590w\" sizes=\"(max-width: 300px) 100vw, 300px\" \/><\/div>\n\t\t<\/a>\n\t\t\t\t<div class=\"elementor-post__text\">\n\t\t\t\t<h3 class=\"elementor-post__title\">\n\t\t\t<a href=\"https:\/\/siwarmedia.com\/?p=2570\" >\n\t\t\t\tPACHAKUTI: NUESTRO TIEMPO\t\t\t<\/a>\n\t\t<\/h3>\n\t\t\t\t<div class=\"elementor-post__meta-data\">\n\t\t\t\t\t<span class=\"elementor-post-author\">\n\t\t\tJos\u00e9 Justo Calder\u00f3n Dongo\t\t<\/span>\n\t\t\t\t<span class=\"elementor-post-date\">\n\t\t\tenero 18, 2026\t\t<\/span>\n\t\t\t\t<\/div>\n\t\t\t\t<div class=\"elementor-post__excerpt\">\n\t\t\t<p>Hoy en muchas partes del mundo el tiempo es \u00fanico, pero a\u00fan existen civilizaciones, culturas, comunidades, d\u00f3nde el tiempo es percibido de otras maneras y concebido como una pluralidad en constante movimiento. De all\u00ed podemos deducir que el tiempo no es \u00fanico ni lineal, ni obedece solo a las leyes de la f\u00edsica cl\u00e1sica. El tiempo es din\u00e1mico. <\/p>\n\t\t<\/div>\n\t\t\n\t\t<a class=\"elementor-post__read-more\" href=\"https:\/\/siwarmedia.com\/?p=2570\" aria-label=\"Read more about PACHAKUTI: NUESTRO TIEMPO\" tabindex=\"-1\" >\n\t\t\tRead More \u00bb\t\t<\/a>\n\n\t\t\t\t<\/div>\n\t\t\t\t<\/article>\n\t\t\t\t<article class=\"elementor-post elementor-grid-item post-2461 post type-post status-publish format-standard has-post-thumbnail hentry category-noticias tag-antropologia tag-filosofia tag-noticias\">\n\t\t\t\t<a class=\"elementor-post__thumbnail__link\" href=\"https:\/\/siwarmedia.com\/?p=2461\" tabindex=\"-1\" >\n\t\t\t<div class=\"elementor-post__thumbnail\"><img loading=\"lazy\" decoding=\"async\" width=\"300\" height=\"164\" src=\"https:\/\/siwarmedia.com\/wp-content\/uploads\/2026\/01\/WhatsApp-Image-2026-01-06-at-2.47.02-PM-300x164.jpeg\" class=\"attachment-medium size-medium wp-image-2466\" alt=\"Imagen generada por la IA\" srcset=\"https:\/\/siwarmedia.com\/wp-content\/uploads\/2026\/01\/WhatsApp-Image-2026-01-06-at-2.47.02-PM-300x164.jpeg 300w, https:\/\/siwarmedia.com\/wp-content\/uploads\/2026\/01\/WhatsApp-Image-2026-01-06-at-2.47.02-PM-768x419.jpeg 768w, https:\/\/siwarmedia.com\/wp-content\/uploads\/2026\/01\/WhatsApp-Image-2026-01-06-at-2.47.02-PM.jpeg 1024w\" sizes=\"(max-width: 300px) 100vw, 300px\" \/><\/div>\n\t\t<\/a>\n\t\t\t\t<div class=\"elementor-post__text\">\n\t\t\t\t<h3 class=\"elementor-post__title\">\n\t\t\t<a href=\"https:\/\/siwarmedia.com\/?p=2461\" >\n\t\t\t\tAN\u00c1LISIS CR\u00cdTICO DE LA GUERRA DE SEXTA GENERACI\u00d3N: EL CASO DEL SECUESTRO DE MADURO Y CILIA FLORES\t\t\t<\/a>\n\t\t<\/h3>\n\t\t\t\t<div class=\"elementor-post__meta-data\">\n\t\t\t\t\t<span class=\"elementor-post-author\">\n\t\t\tJos\u00e9 Justo Calder\u00f3n Dongo\t\t<\/span>\n\t\t\t\t<span class=\"elementor-post-date\">\n\t\t\tenero 7, 2026\t\t<\/span>\n\t\t\t\t<\/div>\n\t\t\t\t<div class=\"elementor-post__excerpt\">\n\t\t\t<p>Implicancias, estrategias y narrativas en la Operaci\u00f3n Resoluci\u00f3n Absoluta que secuestr\u00f3 al Presidente de Venezuela Nicol\u00e1s Maduro y la Primera Combatiente Cilia Flores<\/p>\n\t\t<\/div>\n\t\t\n\t\t<a class=\"elementor-post__read-more\" href=\"https:\/\/siwarmedia.com\/?p=2461\" aria-label=\"Read more about AN\u00c1LISIS CR\u00cdTICO DE LA GUERRA DE SEXTA GENERACI\u00d3N: EL CASO DEL SECUESTRO DE MADURO Y CILIA FLORES\" tabindex=\"-1\" >\n\t\t\tRead More \u00bb\t\t<\/a>\n\n\t\t\t\t<\/div>\n\t\t\t\t<\/article>\n\t\t\t\t<article class=\"elementor-post elementor-grid-item post-2413 post type-post status-publish format-standard has-post-thumbnail hentry category-miscelanea tag-antropologia tag-cine tag-cinematografia tag-filosofia tag-temadelmes\">\n\t\t\t\t<a class=\"elementor-post__thumbnail__link\" href=\"https:\/\/siwarmedia.com\/?p=2413\" tabindex=\"-1\" >\n\t\t\t<div class=\"elementor-post__thumbnail\"><img loading=\"lazy\" decoding=\"async\" width=\"300\" height=\"169\" src=\"https:\/\/siwarmedia.com\/wp-content\/uploads\/2025\/12\/el_acorazado_potemkin_thumbnail_16x9_widescreen_es-300x169.jpg\" class=\"attachment-medium size-medium wp-image-2419\" alt=\"\" srcset=\"https:\/\/siwarmedia.com\/wp-content\/uploads\/2025\/12\/el_acorazado_potemkin_thumbnail_16x9_widescreen_es-300x169.jpg 300w, https:\/\/siwarmedia.com\/wp-content\/uploads\/2025\/12\/el_acorazado_potemkin_thumbnail_16x9_widescreen_es-1024x576.jpg 1024w, https:\/\/siwarmedia.com\/wp-content\/uploads\/2025\/12\/el_acorazado_potemkin_thumbnail_16x9_widescreen_es-768x432.jpg 768w, https:\/\/siwarmedia.com\/wp-content\/uploads\/2025\/12\/el_acorazado_potemkin_thumbnail_16x9_widescreen_es-1536x864.jpg 1536w, https:\/\/siwarmedia.com\/wp-content\/uploads\/2025\/12\/el_acorazado_potemkin_thumbnail_16x9_widescreen_es.jpg 1920w\" sizes=\"(max-width: 300px) 100vw, 300px\" \/><\/div>\n\t\t<\/a>\n\t\t\t\t<div class=\"elementor-post__text\">\n\t\t\t\t<h3 class=\"elementor-post__title\">\n\t\t\t<a href=\"https:\/\/siwarmedia.com\/?p=2413\" >\n\t\t\t\t&#8220;EL ACORAZADO POTEMKIN&#8221; A CIEN A\u00d1OS DE SU ESTRENO\t\t\t<\/a>\n\t\t<\/h3>\n\t\t\t\t<div class=\"elementor-post__meta-data\">\n\t\t\t\t\t<span class=\"elementor-post-author\">\n\t\t\tJos\u00e9 Justo Calder\u00f3n Dongo\t\t<\/span>\n\t\t\t\t<span class=\"elementor-post-date\">\n\t\t\tdiciembre 21, 2025\t\t<\/span>\n\t\t\t\t<\/div>\n\t\t\t\t<div class=\"elementor-post__excerpt\">\n\t\t\t<p>Un homenaje a la pel\u00edcula de Sergei Eisenstein \u201cEl Acorazado Potemkin\u201d, que cumple cien a\u00f1os el 21 de diciembre de 2025. <\/p>\n\t\t<\/div>\n\t\t\n\t\t<a class=\"elementor-post__read-more\" href=\"https:\/\/siwarmedia.com\/?p=2413\" aria-label=\"Read more about &#8220;EL ACORAZADO POTEMKIN&#8221; A CIEN A\u00d1OS DE SU ESTRENO\" tabindex=\"-1\" >\n\t\t\tRead More \u00bb\t\t<\/a>\n\n\t\t\t\t<\/div>\n\t\t\t\t<\/article>\n\t\t\t\t<article class=\"elementor-post elementor-grid-item post-2357 post type-post status-publish format-standard has-post-thumbnail hentry category-diciembre tag-antropologia tag-filosofia tag-la-libertad tag-temadelmes\">\n\t\t\t\t<a class=\"elementor-post__thumbnail__link\" href=\"https:\/\/siwarmedia.com\/?p=2357\" tabindex=\"-1\" >\n\t\t\t<div class=\"elementor-post__thumbnail\"><img loading=\"lazy\" decoding=\"async\" width=\"300\" height=\"132\" src=\"https:\/\/siwarmedia.com\/wp-content\/uploads\/2025\/12\/Bolivia_Mar_Ausente_-_Solon-300x132.jpg\" class=\"attachment-medium size-medium wp-image-2362\" alt=\"\" srcset=\"https:\/\/siwarmedia.com\/wp-content\/uploads\/2025\/12\/Bolivia_Mar_Ausente_-_Solon-300x132.jpg 300w, https:\/\/siwarmedia.com\/wp-content\/uploads\/2025\/12\/Bolivia_Mar_Ausente_-_Solon-1024x449.jpg 1024w, https:\/\/siwarmedia.com\/wp-content\/uploads\/2025\/12\/Bolivia_Mar_Ausente_-_Solon-768x337.jpg 768w, https:\/\/siwarmedia.com\/wp-content\/uploads\/2025\/12\/Bolivia_Mar_Ausente_-_Solon.jpg 1200w\" sizes=\"(max-width: 300px) 100vw, 300px\" \/><\/div>\n\t\t<\/a>\n\t\t\t\t<div class=\"elementor-post__text\">\n\t\t\t\t<h3 class=\"elementor-post__title\">\n\t\t\t<a href=\"https:\/\/siwarmedia.com\/?p=2357\" >\n\t\t\t\tREFLEXIONES SOBRE LA LIBERTAD: LO ACTUAL Y LA OPCI\u00d3N REAL.\t\t\t<\/a>\n\t\t<\/h3>\n\t\t\t\t<div class=\"elementor-post__meta-data\">\n\t\t\t\t\t<span class=\"elementor-post-author\">\n\t\t\tJos\u00e9 Justo Calder\u00f3n Dongo\t\t<\/span>\n\t\t\t\t<span class=\"elementor-post-date\">\n\t\t\tdiciembre 15, 2025\t\t<\/span>\n\t\t\t\t<\/div>\n\t\t\t\t<div class=\"elementor-post__excerpt\">\n\t\t\t<p>En este art\u00edculo sostenemos que la libertad colectiva no se opone a la libertad individual, ni la liberta concreta a la libertad abstracta, la libertad corporativa es la verdadera enemiga de toda libertad <\/p>\n\t\t<\/div>\n\t\t\n\t\t<a class=\"elementor-post__read-more\" href=\"https:\/\/siwarmedia.com\/?p=2357\" aria-label=\"Read more about REFLEXIONES SOBRE LA LIBERTAD: LO ACTUAL Y LA OPCI\u00d3N REAL.\" tabindex=\"-1\" >\n\t\t\tRead More \u00bb\t\t<\/a>\n\n\t\t\t\t<\/div>\n\t\t\t\t<\/article>\n\t\t\t\t<\/div>\n\t\t\n\t\t\t\t\t\t<\/div>\n\t\t\t\t<\/div>\n\t\t\t\t<\/div>\n\t\t\t\t\t<\/div>\n\t\t\t\t<\/div>\n\t\t\t\t<\/div>\n\t\t","protected":false},"excerpt":{"rendered":"<p>Facebook-f Linkedin-in Twitter Instagram Jos\u00e9 Justo Calder\u00f3n Dongo<\/p>\n","protected":false},"author":1,"featured_media":0,"parent":0,"menu_order":1,"comment_status":"closed","ping_status":"closed","template":"","meta":{"footnotes":""},"class_list":["post-1568","page","type-page","status-publish","hentry"],"_links":{"self":[{"href":"https:\/\/siwarmedia.com\/index.php?rest_route=\/wp\/v2\/pages\/1568","targetHints":{"allow":["GET"]}}],"collection":[{"href":"https:\/\/siwarmedia.com\/index.php?rest_route=\/wp\/v2\/pages"}],"about":[{"href":"https:\/\/siwarmedia.com\/index.php?rest_route=\/wp\/v2\/types\/page"}],"author":[{"embeddable":true,"href":"https:\/\/siwarmedia.com\/index.php?rest_route=\/wp\/v2\/users\/1"}],"replies":[{"embeddable":true,"href":"https:\/\/siwarmedia.com\/index.php?rest_route=%2Fwp%2Fv2%2Fcomments&post=1568"}],"version-history":[{"count":7,"href":"https:\/\/siwarmedia.com\/index.php?rest_route=\/wp\/v2\/pages\/1568\/revisions"}],"predecessor-version":[{"id":1592,"href":"https:\/\/siwarmedia.com\/index.php?rest_route=\/wp\/v2\/pages\/1568\/revisions\/1592"}],"wp:attachment":[{"href":"https:\/\/siwarmedia.com\/index.php?rest_route=%2Fwp%2Fv2%2Fmedia&parent=1568"}],"curies":[{"name":"wp","href":"https:\/\/api.w.org\/{rel}","templated":true}]}}