{"id":1112,"date":"2025-09-08T02:07:31","date_gmt":"2025-09-08T02:07:31","guid":{"rendered":"https:\/\/siwarmedia.com\/?page_id=1112"},"modified":"2025-09-08T02:13:12","modified_gmt":"2025-09-08T02:13:12","slug":"homenaje-a-cesar-augusto-vivanco-luna","status":"publish","type":"page","link":"https:\/\/siwarmedia.com\/?page_id=1112","title":{"rendered":"Homenaje a C\u00e9sar Augusto Vivanco Luna"},"content":{"rendered":"\t\t<div data-elementor-type=\"wp-page\" data-elementor-id=\"1112\" class=\"elementor elementor-1112\" data-elementor-post-type=\"page\">\n\t\t\t\t<div class=\"elementor-element elementor-element-3abbc815 e-con-full e-flex e-con e-parent\" data-id=\"3abbc815\" data-element_type=\"container\">\n\t\t<div class=\"elementor-element elementor-element-2d4f82c4 e-flex e-con-boxed e-con e-child\" data-id=\"2d4f82c4\" data-element_type=\"container\">\n\t\t\t\t\t<div class=\"e-con-inner\">\n\t\t\t\t<div class=\"elementor-element elementor-element-2fe010b8 elementor-widget__width-initial elementor-fixed elementor-hidden-phone elementor-widget elementor-widget-spacer\" data-id=\"2fe010b8\" data-element_type=\"widget\" data-settings=\"{&quot;_position&quot;:&quot;fixed&quot;}\" data-widget_type=\"spacer.default\">\n\t\t\t\t\t\t\t<div class=\"elementor-spacer\">\n\t\t\t<div class=\"elementor-spacer-inner\"><\/div>\n\t\t<\/div>\n\t\t\t\t\t\t<\/div>\n\t\t\t\t<div class=\"elementor-element elementor-element-4bcdbb0c elementor-grid-1 elementor-widget__width-initial elementor-fixed elementor-widget-tablet__width-initial elementor-hidden-phone elementor-shape-rounded e-grid-align-center elementor-widget elementor-widget-social-icons\" data-id=\"4bcdbb0c\" data-element_type=\"widget\" data-settings=\"{&quot;_position&quot;:&quot;fixed&quot;}\" data-widget_type=\"social-icons.default\">\n\t\t\t\t\t\t\t<div class=\"elementor-social-icons-wrapper elementor-grid\" role=\"list\">\n\t\t\t\t\t\t\t<span class=\"elementor-grid-item\" role=\"listitem\">\n\t\t\t\t\t<a class=\"elementor-icon elementor-social-icon elementor-social-icon-facebook-f elementor-animation-grow elementor-repeater-item-644adde\" target=\"_blank\">\n\t\t\t\t\t\t<span class=\"elementor-screen-only\">Facebook-f<\/span>\n\t\t\t\t\t\t<svg class=\"e-font-icon-svg e-fab-facebook-f\" viewBox=\"0 0 320 512\" xmlns=\"http:\/\/www.w3.org\/2000\/svg\"><path d=\"M279.14 288l14.22-92.66h-88.91v-60.13c0-25.35 12.42-50.06 52.24-50.06h40.42V6.26S260.43 0 225.36 0c-73.22 0-121.08 44.38-121.08 124.72v70.62H22.89V288h81.39v224h100.17V288z\"><\/path><\/svg>\t\t\t\t\t<\/a>\n\t\t\t\t<\/span>\n\t\t\t\t\t\t\t<span class=\"elementor-grid-item\" role=\"listitem\">\n\t\t\t\t\t<a class=\"elementor-icon elementor-social-icon elementor-social-icon-linkedin-in elementor-animation-grow elementor-repeater-item-67244ad\" target=\"_blank\">\n\t\t\t\t\t\t<span class=\"elementor-screen-only\">Linkedin-in<\/span>\n\t\t\t\t\t\t<svg class=\"e-font-icon-svg e-fab-linkedin-in\" viewBox=\"0 0 448 512\" xmlns=\"http:\/\/www.w3.org\/2000\/svg\"><path d=\"M100.28 448H7.4V148.9h92.88zM53.79 108.1C24.09 108.1 0 83.5 0 53.8a53.79 53.79 0 0 1 107.58 0c0 29.7-24.1 54.3-53.79 54.3zM447.9 448h-92.68V302.4c0-34.7-.7-79.2-48.29-79.2-48.29 0-55.69 37.7-55.69 76.7V448h-92.78V148.9h89.08v40.8h1.3c12.4-23.5 42.69-48.3 87.88-48.3 94 0 111.28 61.9 111.28 142.3V448z\"><\/path><\/svg>\t\t\t\t\t<\/a>\n\t\t\t\t<\/span>\n\t\t\t\t\t\t\t<span class=\"elementor-grid-item\" role=\"listitem\">\n\t\t\t\t\t<a class=\"elementor-icon elementor-social-icon elementor-social-icon-twitter elementor-animation-grow elementor-repeater-item-0a8f117\" target=\"_blank\">\n\t\t\t\t\t\t<span class=\"elementor-screen-only\">Twitter<\/span>\n\t\t\t\t\t\t<svg class=\"e-font-icon-svg e-fab-twitter\" viewBox=\"0 0 512 512\" xmlns=\"http:\/\/www.w3.org\/2000\/svg\"><path d=\"M459.37 151.716c.325 4.548.325 9.097.325 13.645 0 138.72-105.583 298.558-298.558 298.558-59.452 0-114.68-17.219-161.137-47.106 8.447.974 16.568 1.299 25.34 1.299 49.055 0 94.213-16.568 130.274-44.832-46.132-.975-84.792-31.188-98.112-72.772 6.498.974 12.995 1.624 19.818 1.624 9.421 0 18.843-1.3 27.614-3.573-48.081-9.747-84.143-51.98-84.143-102.985v-1.299c13.969 7.797 30.214 12.67 47.431 13.319-28.264-18.843-46.781-51.005-46.781-87.391 0-19.492 5.197-37.36 14.294-52.954 51.655 63.675 129.3 105.258 216.365 109.807-1.624-7.797-2.599-15.918-2.599-24.04 0-57.828 46.782-104.934 104.934-104.934 30.213 0 57.502 12.67 76.67 33.137 23.715-4.548 46.456-13.32 66.599-25.34-7.798 24.366-24.366 44.833-46.132 57.827 21.117-2.273 41.584-8.122 60.426-16.243-14.292 20.791-32.161 39.308-52.628 54.253z\"><\/path><\/svg>\t\t\t\t\t<\/a>\n\t\t\t\t<\/span>\n\t\t\t\t\t\t\t<span class=\"elementor-grid-item\" role=\"listitem\">\n\t\t\t\t\t<a class=\"elementor-icon elementor-social-icon elementor-social-icon-instagram elementor-animation-grow elementor-repeater-item-0afeeec\" target=\"_blank\">\n\t\t\t\t\t\t<span class=\"elementor-screen-only\">Instagram<\/span>\n\t\t\t\t\t\t<svg class=\"e-font-icon-svg e-fab-instagram\" viewBox=\"0 0 448 512\" xmlns=\"http:\/\/www.w3.org\/2000\/svg\"><path d=\"M224.1 141c-63.6 0-114.9 51.3-114.9 114.9s51.3 114.9 114.9 114.9S339 319.5 339 255.9 287.7 141 224.1 141zm0 189.6c-41.1 0-74.7-33.5-74.7-74.7s33.5-74.7 74.7-74.7 74.7 33.5 74.7 74.7-33.6 74.7-74.7 74.7zm146.4-194.3c0 14.9-12 26.8-26.8 26.8-14.9 0-26.8-12-26.8-26.8s12-26.8 26.8-26.8 26.8 12 26.8 26.8zm76.1 27.2c-1.7-35.9-9.9-67.7-36.2-93.9-26.2-26.2-58-34.4-93.9-36.2-37-2.1-147.9-2.1-184.9 0-35.8 1.7-67.6 9.9-93.9 36.1s-34.4 58-36.2 93.9c-2.1 37-2.1 147.9 0 184.9 1.7 35.9 9.9 67.7 36.2 93.9s58 34.4 93.9 36.2c37 2.1 147.9 2.1 184.9 0 35.9-1.7 67.7-9.9 93.9-36.2 26.2-26.2 34.4-58 36.2-93.9 2.1-37 2.1-147.8 0-184.8zM398.8 388c-7.8 19.6-22.9 34.7-42.6 42.6-29.5 11.7-99.5 9-132.1 9s-102.7 2.6-132.1-9c-19.6-7.8-34.7-22.9-42.6-42.6-11.7-29.5-9-99.5-9-132.1s-2.6-102.7 9-132.1c7.8-19.6 22.9-34.7 42.6-42.6 29.5-11.7 99.5-9 132.1-9s102.7-2.6 132.1 9c19.6 7.8 34.7 22.9 42.6 42.6 11.7 29.5 9 99.5 9 132.1s2.7 102.7-9 132.1z\"><\/path><\/svg>\t\t\t\t\t<\/a>\n\t\t\t\t<\/span>\n\t\t\t\t\t<\/div>\n\t\t\t\t\t\t<\/div>\n\t\t\t\t<div class=\"elementor-element elementor-element-307790da elementor-absolute elementor-widget elementor-widget-spacer\" data-id=\"307790da\" data-element_type=\"widget\" data-settings=\"{&quot;_position&quot;:&quot;absolute&quot;}\" data-widget_type=\"spacer.default\">\n\t\t\t\t\t\t\t<div class=\"elementor-spacer\">\n\t\t\t<div class=\"elementor-spacer-inner\"><\/div>\n\t\t<\/div>\n\t\t\t\t\t\t<\/div>\n\t\t\t\t<div class=\"elementor-element elementor-element-30e85a71 elementor-absolute elementor-widget elementor-widget-spacer\" data-id=\"30e85a71\" data-element_type=\"widget\" data-settings=\"{&quot;_position&quot;:&quot;absolute&quot;}\" data-widget_type=\"spacer.default\">\n\t\t\t\t\t\t\t<div class=\"elementor-spacer\">\n\t\t\t<div class=\"elementor-spacer-inner\"><\/div>\n\t\t<\/div>\n\t\t\t\t\t\t<\/div>\n\t\t<div class=\"elementor-element elementor-element-5d584cb5 e-con-full e-flex e-con e-child\" data-id=\"5d584cb5\" data-element_type=\"container\">\n\t\t<div class=\"elementor-element elementor-element-36004c5a e-con-full e-flex e-con e-child\" data-id=\"36004c5a\" data-element_type=\"container\">\n\t\t\t\t<div class=\"elementor-element elementor-element-333a8c6d elementor-widget elementor-widget-heading\" data-id=\"333a8c6d\" data-element_type=\"widget\" data-widget_type=\"heading.default\">\n\t\t\t\t\t<h2 class=\"elementor-heading-title elementor-size-default\">Homenaje a C\u00e9sar Augusto Vivanco Luna<\/h2>\t\t\t\t<\/div>\n\t\t\t\t<\/div>\n\t\t\t\t<\/div>\n\t\t\t\t\t<\/div>\n\t\t\t\t<\/div>\n\t\t\t\t<\/div>\n\t\t<div class=\"elementor-element elementor-element-640f1649 e-flex e-con-boxed e-con e-parent\" data-id=\"640f1649\" data-element_type=\"container\">\n\t\t\t\t\t<div class=\"e-con-inner\">\n\t\t<div class=\"elementor-element elementor-element-5ee75950 e-con-full e-flex e-con e-child\" data-id=\"5ee75950\" data-element_type=\"container\">\n\t\t<div class=\"elementor-element elementor-element-7b8332e e-con-full e-flex e-con e-child\" data-id=\"7b8332e\" data-element_type=\"container\">\n\t\t<div class=\"elementor-element elementor-element-0015321 e-con-full e-flex e-con e-child\" data-id=\"0015321\" data-element_type=\"container\">\n\t\t<div class=\"elementor-element elementor-element-bd2fad8 e-con-full e-flex e-con e-child\" data-id=\"bd2fad8\" data-element_type=\"container\">\n\t\t<div class=\"elementor-element elementor-element-8c508e6 e-con-full e-flex e-con e-child\" data-id=\"8c508e6\" data-element_type=\"container\">\n\t\t\t\t<div class=\"elementor-element elementor-element-f310298 elementor-widget__width-auto elementor-widget-divider--view-line elementor-widget elementor-widget-divider\" data-id=\"f310298\" data-element_type=\"widget\" data-widget_type=\"divider.default\">\n\t\t\t\t\t\t\t<div class=\"elementor-divider\">\n\t\t\t<span class=\"elementor-divider-separator\">\n\t\t\t\t\t\t<\/span>\n\t\t<\/div>\n\t\t\t\t\t\t<\/div>\n\t\t\t\t<div class=\"elementor-element elementor-element-54211e5 elementor-widget elementor-widget-heading\" data-id=\"54211e5\" data-element_type=\"widget\" data-widget_type=\"heading.default\">\n\t\t\t\t\t<h3 class=\"elementor-heading-title elementor-size-default\">Homenaje a C\u00e9sar Augusto Vivanco Luna<\/h3>\t\t\t\t<\/div>\n\t\t\t\t<div class=\"elementor-element elementor-element-f4be04a elementor-widget elementor-widget-heading\" data-id=\"f4be04a\" data-element_type=\"widget\" data-widget_type=\"heading.default\">\n\t\t\t\t\t<h6 class=\"elementor-heading-title elementor-size-default\">Guard\u00edan de la memoria visual y cultural del Per\u00fa<\/h6>\t\t\t\t<\/div>\n\t\t\t\t<div class=\"elementor-element elementor-element-abd88c1 elementor-widget elementor-widget-text-editor\" data-id=\"abd88c1\" data-element_type=\"widget\" data-widget_type=\"text-editor.default\">\n\t\t\t\t\t\t\t\t\t<p>En este espacio rendimos un merecido homenaje a C\u00e9sar Augusto Vivanco Luna, figura imprescindible en la historia de la antropolog\u00eda visual y documental peruano. Oriundo de Apur\u00edmac, su vida profesional se ha forjado con una vocaci\u00f3n infatigable por la investigaci\u00f3n, la difusi\u00f3n y la preservaci\u00f3n de la identidad, el patrimonio y la cultura nacional.<\/p>\t\t\t\t\t\t\t\t<\/div>\n\t\t\t\t<\/div>\n\t\t\t\t<\/div>\n\t\t<div class=\"elementor-element elementor-element-3a3bdac e-con-full e-flex e-con e-child\" data-id=\"3a3bdac\" data-element_type=\"container\">\n\t\t<div class=\"elementor-element elementor-element-f1eb96c e-con-full e-flex e-con e-child\" data-id=\"f1eb96c\" data-element_type=\"container\">\n\t\t\t\t<div class=\"elementor-element elementor-element-10da19b elementor-widget-mobile__width-auto elementor-hidden-phone elementor-widget elementor-widget-image\" data-id=\"10da19b\" data-element_type=\"widget\" data-widget_type=\"image.default\">\n\t\t\t\t\t\t\t\t\t\t\t\t\t\t\t<img fetchpriority=\"high\" decoding=\"async\" width=\"450\" height=\"900\" src=\"https:\/\/siwarmedia.com\/wp-content\/uploads\/2025\/09\/camara.png\" class=\"attachment-large size-large wp-image-858\" alt=\"\" srcset=\"https:\/\/siwarmedia.com\/wp-content\/uploads\/2025\/09\/camara.png 450w, https:\/\/siwarmedia.com\/wp-content\/uploads\/2025\/09\/camara-150x300.png 150w\" sizes=\"(max-width: 450px) 100vw, 450px\" \/>\t\t\t\t\t\t\t\t\t\t\t\t\t\t\t<\/div>\n\t\t\t\t<\/div>\n\t\t<div class=\"elementor-element elementor-element-934cfee e-con-full e-flex e-con e-child\" data-id=\"934cfee\" data-element_type=\"container\">\n\t\t\t\t<div class=\"elementor-element elementor-element-2ddda75 elementor-widget elementor-widget-text-editor\" data-id=\"2ddda75\" data-element_type=\"widget\" data-widget_type=\"text-editor.default\">\n\t\t\t\t\t\t\t\t\t<p>Licenciado en Antropolog\u00eda por la Universidad Nacional San Antonio Abad del Cusco en 1972, Vivanco Luna ha dedicado m\u00e1s de cincuenta a\u00f1os a la noble tarea de registrar, comprender y compartir la riqueza cultural del Per\u00fa a trav\u00e9s del cine profesional y la mirada etnogr\u00e1fica. Su legado se concreta en la realizaci\u00f3n de veinticinco documentales en la regi\u00f3n de Cusco, durante m\u00e1s de cuarenta a\u00f1os, los cuales constituyen testimonio visual invaluable de la multiplicidad cultural del pa\u00eds. A trav\u00e9s de sus obras, revaloriza los saberes y conocimientos ancestrales de los pueblos ind\u00edgenas u originarios, contribuyendo as\u00ed a la reflexi\u00f3n colectiva sobre la importancia de nuestras ra\u00edces.<\/p>\t\t\t\t\t\t\t\t<\/div>\n\t\t\t\t<div class=\"elementor-element elementor-element-b271cc1 elementor-widget elementor-widget-image\" data-id=\"b271cc1\" data-element_type=\"widget\" data-widget_type=\"image.default\">\n\t\t\t\t\t\t\t\t\t\t\t\t\t\t\t<img decoding=\"async\" width=\"728\" height=\"782\" src=\"https:\/\/siwarmedia.com\/wp-content\/uploads\/2025\/09\/cesar-33.png\" class=\"attachment-large size-large wp-image-857\" alt=\"\" srcset=\"https:\/\/siwarmedia.com\/wp-content\/uploads\/2025\/09\/cesar-33.png 728w, https:\/\/siwarmedia.com\/wp-content\/uploads\/2025\/09\/cesar-33-279x300.png 279w\" sizes=\"(max-width: 728px) 100vw, 728px\" \/>\t\t\t\t\t\t\t\t\t\t\t\t\t\t\t<\/div>\n\t\t\t\t<\/div>\n\t\t<div class=\"elementor-element elementor-element-7b3b79c e-con-full e-flex e-con e-child\" data-id=\"7b3b79c\" data-element_type=\"container\">\n\t\t\t\t<div class=\"elementor-element elementor-element-4303731 elementor-widget elementor-widget-text-editor\" data-id=\"4303731\" data-element_type=\"widget\" data-widget_type=\"text-editor.default\">\n\t\t\t\t\t\t\t\t\t<p>C\u00e9sar Augusto Vivanco Luna es parte fundamental del cine peruano de los a\u00f1os 60 y 70, periodo en el que surge una corriente marcada por la b\u00fasqueda de la identidad y el compromiso social. Sus historias etnogr\u00e1ficas y sociales no solo son registros vivos del pasado, sino herramientas que impulsan la conciencia cr\u00edtica tanto individual como colectiva. Sus documentales han sido presentados en proyecciones p\u00fablicas, charlas y conversatorios en instituciones educativas y festivales, tanto en el Per\u00fa como en el extranjero, donde siempre resalta la importancia de comprender el patrimonio material e inmaterial del pa\u00eds y la urgencia de su preservaci\u00f3n.<\/p>\t\t\t\t\t\t\t\t<\/div>\n\t\t\t\t<div class=\"elementor-element elementor-element-cb95f3e elementor-widget elementor-widget-image\" data-id=\"cb95f3e\" data-element_type=\"widget\" data-widget_type=\"image.default\">\n\t\t\t\t\t\t\t\t\t\t\t\t\t\t\t<img decoding=\"async\" width=\"728\" height=\"782\" src=\"https:\/\/siwarmedia.com\/wp-content\/uploads\/2025\/09\/cesar-2.jpg\" class=\"attachment-large size-large wp-image-850\" alt=\"\" srcset=\"https:\/\/siwarmedia.com\/wp-content\/uploads\/2025\/09\/cesar-2.jpg 728w, https:\/\/siwarmedia.com\/wp-content\/uploads\/2025\/09\/cesar-2-279x300.jpg 279w\" sizes=\"(max-width: 728px) 100vw, 728px\" \/>\t\t\t\t\t\t\t\t\t\t\t\t\t\t\t<\/div>\n\t\t\t\t<\/div>\n\t\t\t\t<\/div>\n\t\t<div class=\"elementor-element elementor-element-1ec99f2 e-con-full e-flex e-con e-child\" data-id=\"1ec99f2\" data-element_type=\"container\">\n\t\t<div class=\"elementor-element elementor-element-1456d38 e-con-full e-flex e-con e-child\" data-id=\"1456d38\" data-element_type=\"container\">\n\t\t\t\t<div class=\"elementor-element elementor-element-60a024d elementor-widget elementor-widget-image\" data-id=\"60a024d\" data-element_type=\"widget\" data-widget_type=\"image.default\">\n\t\t\t\t\t\t\t\t\t\t\t\t\t\t\t<img loading=\"lazy\" decoding=\"async\" width=\"640\" height=\"640\" src=\"https:\/\/siwarmedia.com\/wp-content\/uploads\/2025\/09\/qr.jpg\" class=\"attachment-large size-large wp-image-859\" alt=\"\" srcset=\"https:\/\/siwarmedia.com\/wp-content\/uploads\/2025\/09\/qr.jpg 640w, https:\/\/siwarmedia.com\/wp-content\/uploads\/2025\/09\/qr-300x300.jpg 300w, https:\/\/siwarmedia.com\/wp-content\/uploads\/2025\/09\/qr-150x150.jpg 150w\" sizes=\"(max-width: 640px) 100vw, 640px\" \/>\t\t\t\t\t\t\t\t\t\t\t\t\t\t\t<\/div>\n\t\t\t\t<\/div>\n\t\t<div class=\"elementor-element elementor-element-6f8d3c3 e-con-full e-flex e-con e-child\" data-id=\"6f8d3c3\" data-element_type=\"container\">\n\t\t\t\t<div class=\"elementor-element elementor-element-9ed3ff2 elementor-widget elementor-widget-text-editor\" data-id=\"9ed3ff2\" data-element_type=\"widget\" data-widget_type=\"text-editor.default\">\n\t\t\t\t\t\t\t\t\t<p>A lo largo de su carrera, ha colaborado con renombrados cineastas a nivel mundial, como Werner Herzog, enriqueciendo el di\u00e1logo entre la cinematograf\u00eda nacional e internacional, con todos sus matices. Actualmente, Vivanco Luna se dedica a la preservaci\u00f3n de su vasto archivo audiovisual, fruto de m\u00e1s de medio siglo de exploraciones a lo largo y ancho del territorio peruano, tanto andino como amaz\u00f3nico. Este acervo posee un valor hist\u00f3rico y antropol\u00f3gico \u00fanico: revela el pasado, las tradiciones, el folclor, el valor arquitect\u00f3nico, ecol\u00f3gico y medioambiental de nuestra naci\u00f3n.<\/p><p>Su trabajo constituye una verdadera escuela para las y los futuros profesionales del audiovisual y la cinematograf\u00eda, y representa un repositorio invaluable para el pa\u00eds. La trayectoria de C\u00e9sar Augusto Vivanco Luna es testimonio de entrega, pasi\u00f3n y amor por el Per\u00fa, y su legado seguir\u00e1 inspirando a nuevas generaciones a mirar, comprender y valorar la riqueza de nuestra cultura.<\/p><p>(Esperamos contar pr\u00f3ximamente con los enlaces a sus documentales para el disfrute y aprendizaje de todos y todas).<\/p>\t\t\t\t\t\t\t\t<\/div>\n\t\t\t\t<\/div>\n\t\t\t\t<\/div>\n\t\t\t\t<\/div>\n\t\t\t\t<\/div>\n\t\t\t\t<\/div>\n\t\t\t\t\t<\/div>\n\t\t\t\t<\/div>\n\t\t\t\t<\/div>\n\t\t","protected":false},"excerpt":{"rendered":"<p>Facebook-f Linkedin-in Twitter Instagram Homenaje a C\u00e9sar Augusto Vivanco Luna Homenaje a C\u00e9sar Augusto Vivanco Luna Guard\u00edan de la memoria visual y cultural del Per\u00fa En este espacio rendimos un merecido homenaje a C\u00e9sar Augusto Vivanco Luna, figura imprescindible en la historia de la antropolog\u00eda visual y documental peruano. Oriundo de Apur\u00edmac, su vida profesional [&hellip;]<\/p>\n","protected":false},"author":1,"featured_media":0,"parent":0,"menu_order":1,"comment_status":"closed","ping_status":"closed","template":"","meta":{"footnotes":""},"class_list":["post-1112","page","type-page","status-publish","hentry"],"_links":{"self":[{"href":"https:\/\/siwarmedia.com\/index.php?rest_route=\/wp\/v2\/pages\/1112","targetHints":{"allow":["GET"]}}],"collection":[{"href":"https:\/\/siwarmedia.com\/index.php?rest_route=\/wp\/v2\/pages"}],"about":[{"href":"https:\/\/siwarmedia.com\/index.php?rest_route=\/wp\/v2\/types\/page"}],"author":[{"embeddable":true,"href":"https:\/\/siwarmedia.com\/index.php?rest_route=\/wp\/v2\/users\/1"}],"replies":[{"embeddable":true,"href":"https:\/\/siwarmedia.com\/index.php?rest_route=%2Fwp%2Fv2%2Fcomments&post=1112"}],"version-history":[{"count":4,"href":"https:\/\/siwarmedia.com\/index.php?rest_route=\/wp\/v2\/pages\/1112\/revisions"}],"predecessor-version":[{"id":1120,"href":"https:\/\/siwarmedia.com\/index.php?rest_route=\/wp\/v2\/pages\/1112\/revisions\/1120"}],"wp:attachment":[{"href":"https:\/\/siwarmedia.com\/index.php?rest_route=%2Fwp%2Fv2%2Fmedia&parent=1112"}],"curies":[{"name":"wp","href":"https:\/\/api.w.org\/{rel}","templated":true}]}}